{"id":2389,"date":"2018-05-09T22:32:51","date_gmt":"2018-05-09T19:32:51","guid":{"rendered":"https:\/\/ostromap.fi\/cookie-policy\/"},"modified":"2018-05-09T22:32:51","modified_gmt":"2018-05-09T19:32:51","slug":"cookie-policy","status":"publish","type":"page","link":"https:\/\/ostromap.fi\/en\/cookie-policy\/","title":{"rendered":"Cookie Policy"},"content":{"rendered":"<p id=\"tw-target-text\" class=\"tw-data-text tw-ta tw-text-small\" dir=\"ltr\" data-placeholder=\"Translation\"><span lang=\"sv\">Den h\u00e4r sidan anv\u00e4nder cookies &#8211; sm\u00e5 textfiler som placeras p\u00e5 din maskin f\u00f6r att hj\u00e4lpa webbplatsen att ge en b\u00e4ttre anv\u00e4ndarupplevelse. I allm\u00e4nhet anv\u00e4nds cookies f\u00f6r att beh\u00e5lla anv\u00e4ndarinst\u00e4llningar, lagra information om saker som kundvagnar och ge anonymiserad sp\u00e5rningsinformation till tredje parts applikationer som Google Analytics. Cookies kommer som regel att g\u00f6ra din surfupplevelse b\u00e4ttre. Du kan dock f\u00f6redra att inaktivera cookies p\u00e5 den h\u00e4r webbplatsen och p\u00e5 andra. Det mest effektiva s\u00e4ttet att g\u00f6ra detta \u00e4r att inaktivera cookies i din webbl\u00e4sare. Vi f\u00f6resl\u00e5r att du konsulterar hj\u00e4lpavsnittet i din webbl\u00e4sare eller tittar p\u00e5 webbplatsen <a href=\"https:\/\/ostromap.fi\/en\/cookies\/\">Om cookies<\/a>, som erbjuder v\u00e4gledning f\u00f6r alla moderna webbl\u00e4sare.<\/span><\/p>\n","protected":false},"excerpt":{"rendered":"<p>Den h\u00e4r sidan anv\u00e4nder cookies &#8211; sm\u00e5 textfiler som placeras p\u00e5 din maskin f\u00f6r att hj\u00e4lpa webbplatsen att ge en [&hellip;]<\/p>\n","protected":false},"author":7,"featured_media":0,"parent":0,"menu_order":0,"comment_status":"closed","ping_status":"closed","template":"","meta":{"_exactmetrics_skip_tracking":false,"_exactmetrics_sitenote_active":false,"_exactmetrics_sitenote_note":"","_exactmetrics_sitenote_category":0,"site-sidebar-layout":"default","site-content-layout":"","ast-site-content-layout":"default","site-content-style":"default","site-sidebar-style":"default","ast-global-header-display":"","ast-banner-title-visibility":"","ast-main-header-display":"","ast-hfb-above-header-display":"","ast-hfb-below-header-display":"","ast-hfb-mobile-header-display":"","site-post-title":"","ast-breadcrumbs-content":"","ast-featured-img":"","footer-sml-layout":"","theme-transparent-header-meta":"","adv-header-id-meta":"","stick-header-meta":"","header-above-stick-meta":"","header-main-stick-meta":"","header-below-stick-meta":"","astra-migrate-meta-layouts":"default","ast-page-background-enabled":"default","ast-page-background-meta":{"desktop":{"background-color":"var(--ast-global-color-5)","background-image":"","background-repeat":"repeat","background-position":"center center","background-size":"auto","background-attachment":"scroll","background-type":"","background-media":"","overlay-type":"","overlay-color":"","overlay-opacity":"","overlay-gradient":""},"tablet":{"background-color":"","background-image":"","background-repeat":"repeat","background-position":"center center","background-size":"auto","background-attachment":"scroll","background-type":"","background-media":"","overlay-type":"","overlay-color":"","overlay-opacity":"","overlay-gradient":""},"mobile":{"background-color":"","background-image":"","background-repeat":"repeat","background-position":"center center","background-size":"auto","background-attachment":"scroll","background-type":"","background-media":"","overlay-type":"","overlay-color":"","overlay-opacity":"","overlay-gradient":""}},"ast-content-background-meta":{"desktop":{"background-color":"var(--ast-global-color-4)","background-image":"","background-repeat":"repeat","background-position":"center center","background-size":"auto","background-attachment":"scroll","background-type":"","background-media":"","overlay-type":"","overlay-color":"","overlay-opacity":"","overlay-gradient":""},"tablet":{"background-color":"var(--ast-global-color-4)","background-image":"","background-repeat":"repeat","background-position":"center center","background-size":"auto","background-attachment":"scroll","background-type":"","background-media":"","overlay-type":"","overlay-color":"","overlay-opacity":"","overlay-gradient":""},"mobile":{"background-color":"var(--ast-global-color-4)","background-image":"","background-repeat":"repeat","background-position":"center center","background-size":"auto","background-attachment":"scroll","background-type":"","background-media":"","overlay-type":"","overlay-color":"","overlay-opacity":"","overlay-gradient":""}},"footnotes":""},"class_list":["post-2389","page","type-page","status-publish","hentry"],"yoast_head":"<!-- This site is optimized with the Yoast SEO plugin v27.2 - https:\/\/yoast.com\/product\/yoast-seo-wordpress\/ -->\n<title>Cookie Policy - \u200e<\/title>\n<meta name=\"robots\" content=\"index, follow, max-snippet:-1, max-image-preview:large, max-video-preview:-1\" \/>\n<link rel=\"canonical\" href=\"https:\/\/ostromap.fi\/en\/cookie-policy\/\" \/>\n<meta property=\"og:locale\" content=\"en_US\" \/>\n<meta property=\"og:type\" content=\"article\" \/>\n<meta property=\"og:title\" content=\"Cookie Policy - \u200e\" \/>\n<meta property=\"og:description\" content=\"Den h\u00e4r sidan anv\u00e4nder cookies &#8211; sm\u00e5 textfiler som placeras p\u00e5 din maskin f\u00f6r att hj\u00e4lpa webbplatsen att ge en [&hellip;]\" \/>\n<meta property=\"og:url\" content=\"https:\/\/ostromap.fi\/en\/cookie-policy\/\" \/>\n<meta property=\"og:site_name\" content=\"\u200e\" \/>\n<meta name=\"twitter:card\" content=\"summary_large_image\" \/>\n<meta name=\"twitter:label1\" content=\"Est. reading time\" \/>\n\t<meta name=\"twitter:data1\" content=\"1 minute\" \/>\n<script type=\"application\/ld+json\" class=\"yoast-schema-graph\">{\"@context\":\"https:\/\/schema.org\",\"@graph\":[{\"@type\":\"WebPage\",\"@id\":\"https:\/\/ostromap.fi\/en\/cookie-policy\/\",\"url\":\"https:\/\/ostromap.fi\/en\/cookie-policy\/\",\"name\":\"Cookie Policy - \u200e\",\"isPartOf\":{\"@id\":\"https:\/\/ostromap.fi\/en\/#website\"},\"datePublished\":\"2018-05-09T19:32:51+00:00\",\"breadcrumb\":{\"@id\":\"https:\/\/ostromap.fi\/en\/cookie-policy\/#breadcrumb\"},\"inLanguage\":\"en-US\",\"potentialAction\":[{\"@type\":\"ReadAction\",\"target\":[\"https:\/\/ostromap.fi\/en\/cookie-policy\/\"]}]},{\"@type\":\"BreadcrumbList\",\"@id\":\"https:\/\/ostromap.fi\/en\/cookie-policy\/#breadcrumb\",\"itemListElement\":[{\"@type\":\"ListItem\",\"position\":1,\"name\":\"Home\",\"item\":\"https:\/\/ostromap.fi\/en\/\"},{\"@type\":\"ListItem\",\"position\":2,\"name\":\"Cookie Policy\"}]},{\"@type\":\"WebSite\",\"@id\":\"https:\/\/ostromap.fi\/en\/#website\",\"url\":\"https:\/\/ostromap.fi\/en\/\",\"name\":\"\u200e\",\"description\":\"Maanmittaus, rakennusmittaus ja mittauspalvelut\",\"publisher\":{\"@id\":\"https:\/\/ostromap.fi\/en\/#organization\"},\"potentialAction\":[{\"@type\":\"SearchAction\",\"target\":{\"@type\":\"EntryPoint\",\"urlTemplate\":\"https:\/\/ostromap.fi\/en\/?s={search_term_string}\"},\"query-input\":{\"@type\":\"PropertyValueSpecification\",\"valueRequired\":true,\"valueName\":\"search_term_string\"}}],\"inLanguage\":\"en-US\"},{\"@type\":\"Organization\",\"@id\":\"https:\/\/ostromap.fi\/en\/#organization\",\"name\":\"\u200e\",\"url\":\"https:\/\/ostromap.fi\/en\/\",\"logo\":{\"@type\":\"ImageObject\",\"inLanguage\":\"en-US\",\"@id\":\"https:\/\/ostromap.fi\/en\/#\/schema\/logo\/image\/\",\"url\":\"https:\/\/ostromap.fi\/wp-content\/uploads\/2022\/03\/cropped-cropped-cropped-Ostromap-500x500px.png\",\"contentUrl\":\"https:\/\/ostromap.fi\/wp-content\/uploads\/2022\/03\/cropped-cropped-cropped-Ostromap-500x500px.png\",\"width\":360,\"height\":84,\"caption\":\"\u200e\"},\"image\":{\"@id\":\"https:\/\/ostromap.fi\/en\/#\/schema\/logo\/image\/\"}}]}<\/script>\n<!-- \/ Yoast SEO plugin. -->","yoast_head_json":{"title":"Cookie Policy - \u200e","robots":{"index":"index","follow":"follow","max-snippet":"max-snippet:-1","max-image-preview":"max-image-preview:large","max-video-preview":"max-video-preview:-1"},"canonical":"https:\/\/ostromap.fi\/en\/cookie-policy\/","og_locale":"en_US","og_type":"article","og_title":"Cookie Policy - \u200e","og_description":"Den h\u00e4r sidan anv\u00e4nder cookies &#8211; sm\u00e5 textfiler som placeras p\u00e5 din maskin f\u00f6r att hj\u00e4lpa webbplatsen att ge en [&hellip;]","og_url":"https:\/\/ostromap.fi\/en\/cookie-policy\/","og_site_name":"\u200e","twitter_card":"summary_large_image","twitter_misc":{"Est. reading time":"1 minute"},"schema":{"@context":"https:\/\/schema.org","@graph":[{"@type":"WebPage","@id":"https:\/\/ostromap.fi\/en\/cookie-policy\/","url":"https:\/\/ostromap.fi\/en\/cookie-policy\/","name":"Cookie Policy - \u200e","isPartOf":{"@id":"https:\/\/ostromap.fi\/en\/#website"},"datePublished":"2018-05-09T19:32:51+00:00","breadcrumb":{"@id":"https:\/\/ostromap.fi\/en\/cookie-policy\/#breadcrumb"},"inLanguage":"en-US","potentialAction":[{"@type":"ReadAction","target":["https:\/\/ostromap.fi\/en\/cookie-policy\/"]}]},{"@type":"BreadcrumbList","@id":"https:\/\/ostromap.fi\/en\/cookie-policy\/#breadcrumb","itemListElement":[{"@type":"ListItem","position":1,"name":"Home","item":"https:\/\/ostromap.fi\/en\/"},{"@type":"ListItem","position":2,"name":"Cookie Policy"}]},{"@type":"WebSite","@id":"https:\/\/ostromap.fi\/en\/#website","url":"https:\/\/ostromap.fi\/en\/","name":"\u200e","description":"Maanmittaus, rakennusmittaus ja mittauspalvelut","publisher":{"@id":"https:\/\/ostromap.fi\/en\/#organization"},"potentialAction":[{"@type":"SearchAction","target":{"@type":"EntryPoint","urlTemplate":"https:\/\/ostromap.fi\/en\/?s={search_term_string}"},"query-input":{"@type":"PropertyValueSpecification","valueRequired":true,"valueName":"search_term_string"}}],"inLanguage":"en-US"},{"@type":"Organization","@id":"https:\/\/ostromap.fi\/en\/#organization","name":"\u200e","url":"https:\/\/ostromap.fi\/en\/","logo":{"@type":"ImageObject","inLanguage":"en-US","@id":"https:\/\/ostromap.fi\/en\/#\/schema\/logo\/image\/","url":"https:\/\/ostromap.fi\/wp-content\/uploads\/2022\/03\/cropped-cropped-cropped-Ostromap-500x500px.png","contentUrl":"https:\/\/ostromap.fi\/wp-content\/uploads\/2022\/03\/cropped-cropped-cropped-Ostromap-500x500px.png","width":360,"height":84,"caption":"\u200e"},"image":{"@id":"https:\/\/ostromap.fi\/en\/#\/schema\/logo\/image\/"}}]}},"rttpg_featured_image_url":null,"rttpg_author":{"display_name":"Johannes V\u00e4h\u00e4kangas","author_link":"https:\/\/ostromap.fi\/en\/author\/johannes\/"},"rttpg_comment":0,"rttpg_category":" <a href=\"https:\/\/ostromap.fi\/?taxonomy=translation_priority&#038;term=optional\" rel=\"tag\">Optional<\/a>","rttpg_excerpt":"Den h\u00e4r sidan anv\u00e4nder cookies &#8211; sm\u00e5 textfiler som placeras p\u00e5 din maskin f\u00f6r att hj\u00e4lpa webbplatsen att ge en [&hellip;]","_links":{"self":[{"href":"https:\/\/ostromap.fi\/en\/wp-json\/wp\/v2\/pages\/2389","targetHints":{"allow":["GET"]}}],"collection":[{"href":"https:\/\/ostromap.fi\/en\/wp-json\/wp\/v2\/pages"}],"about":[{"href":"https:\/\/ostromap.fi\/en\/wp-json\/wp\/v2\/types\/page"}],"author":[{"embeddable":true,"href":"https:\/\/ostromap.fi\/en\/wp-json\/wp\/v2\/users\/7"}],"replies":[{"embeddable":true,"href":"https:\/\/ostromap.fi\/en\/wp-json\/wp\/v2\/comments?post=2389"}],"version-history":[{"count":0,"href":"https:\/\/ostromap.fi\/en\/wp-json\/wp\/v2\/pages\/2389\/revisions"}],"wp:attachment":[{"href":"https:\/\/ostromap.fi\/en\/wp-json\/wp\/v2\/media?parent=2389"}],"curies":[{"name":"wp","href":"https:\/\/api.w.org\/{rel}","templated":true}]}}