{"id":2510,"date":"2018-05-24T19:24:03","date_gmt":"2018-05-24T16:24:03","guid":{"rendered":"https:\/\/ostromap.fi\/?page_id=2510"},"modified":"2025-07-03T14:43:53","modified_gmt":"2025-07-03T11:43:53","slug":"register","status":"publish","type":"page","link":"https:\/\/ostromap.fi\/en\/register\/","title":{"rendered":"Register"},"content":{"rendered":"\t\t<div data-elementor-type=\"wp-page\" data-elementor-id=\"2510\" class=\"elementor elementor-2510 elementor-2192\">\n\t\t\t\t<div class=\"elementor-element elementor-element-397d7028 e-flex e-con-boxed e-con e-parent\" data-id=\"397d7028\" data-element_type=\"container\" data-e-type=\"container\">\n\t\t\t\t\t<div class=\"e-con-inner\">\n\t\t\t\t<div class=\"elementor-element elementor-element-6e65895e elementor-widget elementor-widget-spacer\" data-id=\"6e65895e\" data-element_type=\"widget\" data-e-type=\"widget\" data-widget_type=\"spacer.default\">\n\t\t\t\t<div class=\"elementor-widget-container\">\n\t\t\t\t\t\t\t<div class=\"elementor-spacer\">\n\t\t\t<div class=\"elementor-spacer-inner\"><\/div>\n\t\t<\/div>\n\t\t\t\t\t\t<\/div>\n\t\t\t\t<\/div>\n\t\t\t\t<div class=\"elementor-element elementor-element-3d1009f2 elementor-widget elementor-widget-heading\" data-id=\"3d1009f2\" data-element_type=\"widget\" data-e-type=\"widget\" data-widget_type=\"heading.default\">\n\t\t\t\t<div class=\"elementor-widget-container\">\n\t\t\t\t\t<h2 class=\"elementor-heading-title elementor-size-default\">Rekisteriseloste<\/h2>\t\t\t\t<\/div>\n\t\t\t\t<\/div>\n\t\t\t\t<div class=\"elementor-element elementor-element-61f2dc7e elementor-widget elementor-widget-text-editor\" data-id=\"61f2dc7e\" data-element_type=\"widget\" data-e-type=\"widget\" data-widget_type=\"text-editor.default\">\n\t\t\t\t<div class=\"elementor-widget-container\">\n\t\t\t\t\t\t\t\t\t<p>Viimeksi p\u00e4ivitetty 24.4.2018.<\/p><p>Henkil\u00f6tietolain (523\/1999) 10\u00a7:n mukainen rekisteriseloste:<\/p><p>Rekisterinpit\u00e4j\u00e4<\/p><p>Ostromap Oy AB \u2013 VAT FI28595173<br \/>Osoite: Ristikarintie 23, 68600 Pietarsaari<\/p><p>Rekisterinhoitaja<\/p><p>Kristoffer Blomqvist<br \/>S\u00e4hk\u00f6postiosoite: kristoffer.blomqvist@ostromap.fi<\/p><p>Rekisterin nimi<\/p><p>Ostromap Oy:n asiakasrekisteri<\/p><p>Rekisterin k\u00e4ytt\u00f6tarkoitus<\/p><p>Rekisterin k\u00e4ytt\u00f6tarkoitus on Ostromap Oy:n asiakasrekisterin yll\u00e4pit\u00e4minen, laskutuksen k\u00e4sittely, arkistointi ja seuranta. Tietoja voidaan k\u00e4ytt\u00e4\u00e4 my\u00f6s toiminnan kehitt\u00e4miseen sek\u00e4 suoramainonnan kohdistamiseen luovuttamatta henkil\u00f6tietoja kolmannelle osapuolelle. Henkil\u00f6tietoja k\u00e4sitell\u00e4\u00e4n henkil\u00f6tietolain sallimissa ja edellytt\u00e4miss\u00e4 rajoissa.<\/p><p>Rekisterin sis\u00e4lt\u00e4m\u00e4t tiedot<\/p><p>Asiakasrekisteri sis\u00e4lt\u00e4\u00e4 seuraavat tiedot:<br \/>\u2022 Yrityksen nimi ja Y-tunnus, jos kyseess\u00e4 yritysasiakas<br \/>\u2022 Henkil\u00f6n etu- ja sukunimi<br \/>\u2022 Postiosoite<br \/>\u2022 Puhelinnumero, jos asiakas ilmoittanut<br \/>\u2022 S\u00e4hk\u00f6postiosoite<\/p><p>Tietojen luovutus ja niiden suojaus<\/p><p>Asiakasrekisterin tiedot ovat Ostromap Oy:n sis\u00e4ist\u00e4 tietoa, eik\u00e4 niit\u00e4 luovuteta kolmannelle osapuolelle. Asiakkaalla on oikeus tarkistaa h\u00e4nt\u00e4 ja\/tai h\u00e4nen yrityst\u00e4\u00e4n koskevat tiedot rekisterist\u00e4 ottamalla yhteytt\u00e4 rekisterinpit\u00e4j\u00e4\u00e4n.<\/p><p>Rekisteriseloste<\/p><p>Viimeksi p\u00e4ivitetty 24.4.2018.<\/p><p>Henkil\u00f6tietolain (523\/1999) 10\u00a7:n mukainen rekisteriseloste:<\/p><p>Rekisterinpit\u00e4j\u00e4<\/p><p>Ostromap Oy AB \u2013 VAT FI28595173<br \/>Osoite: Ristikarintie 23, 68600 Pietarsaari<\/p><p>Rekisterinhoitaja<\/p><p>Kristoffer Blomqvist<br \/>S\u00e4hk\u00f6postiosoite: kristoffer.blomqvist@ostromap.fi<\/p><p>Rekisterin nimi<\/p><p>Ostromap Oy:n asiakasrekisteri<\/p><p>Rekisterin k\u00e4ytt\u00f6tarkoitus<\/p><p>Rekisterin k\u00e4ytt\u00f6tarkoitus on Ostromap Oy:n asiakasrekisterin yll\u00e4pit\u00e4minen, laskutuksen k\u00e4sittely, arkistointi ja seuranta. Tietoja voidaan k\u00e4ytt\u00e4\u00e4 my\u00f6s toiminnan kehitt\u00e4miseen sek\u00e4 suoramainonnan kohdistamiseen luovuttamatta henkil\u00f6tietoja kolmannelle osapuolelle. Henkil\u00f6tietoja k\u00e4sitell\u00e4\u00e4n henkil\u00f6tietolain sallimissa ja edellytt\u00e4miss\u00e4 rajoissa.<\/p><p>Rekisterin sis\u00e4lt\u00e4m\u00e4t tiedot<\/p><p>Asiakasrekisteri sis\u00e4lt\u00e4\u00e4 seuraavat tiedot:<br \/>\u2022 Yrityksen nimi ja Y-tunnus, jos kyseess\u00e4 yritysasiakas<br \/>\u2022 Henkil\u00f6n etu- ja sukunimi<br \/>\u2022 Postiosoite<br \/>\u2022 Puhelinnumero, jos asiakas ilmoittanut<br \/>\u2022 S\u00e4hk\u00f6postiosoite<\/p><p>Tietojen luovutus ja niiden suojaus<\/p><p>Asiakasrekisterin tiedot ovat Ostromap Oy:n sis\u00e4ist\u00e4 tietoa, eik\u00e4 niit\u00e4 luovuteta kolmannelle osapuolelle. Asiakkaalla on oikeus tarkistaa h\u00e4nt\u00e4 ja\/tai h\u00e4nen yrityst\u00e4\u00e4n koskevat tiedot rekisterist\u00e4 ottamalla yhteytt\u00e4 rekisterinpit\u00e4j\u00e4\u00e4n.<\/p>\t\t\t\t\t\t\t\t<\/div>\n\t\t\t\t<\/div>\n\t\t\t\t\t<\/div>\n\t\t\t\t<\/div>\n\t\t\t\t<\/div>\n\t\t","protected":false},"excerpt":{"rendered":"<p>Rekisteriseloste Viimeksi p\u00e4ivitetty 24.4.2018. Henkil\u00f6tietolain (523\/1999) 10\u00a7:n mukainen rekisteriseloste: Rekisterinpit\u00e4j\u00e4 Ostromap Oy AB \u2013 VAT FI28595173Osoite: Ristikarintie 23, 68600 Pietarsaari [&hellip;]<\/p>\n","protected":false},"author":7,"featured_media":0,"parent":0,"menu_order":0,"comment_status":"closed","ping_status":"closed","template":"","meta":{"_exactmetrics_skip_tracking":false,"_exactmetrics_sitenote_active":false,"_exactmetrics_sitenote_note":"","_exactmetrics_sitenote_category":0,"site-sidebar-layout":"default","site-content-layout":"","ast-site-content-layout":"default","site-content-style":"default","site-sidebar-style":"default","ast-global-header-display":"","ast-banner-title-visibility":"","ast-main-header-display":"","ast-hfb-above-header-display":"","ast-hfb-below-header-display":"","ast-hfb-mobile-header-display":"","site-post-title":"disabled","ast-breadcrumbs-content":"","ast-featured-img":"","footer-sml-layout":"","theme-transparent-header-meta":"","adv-header-id-meta":"","stick-header-meta":"","header-above-stick-meta":"","header-main-stick-meta":"","header-below-stick-meta":"","astra-migrate-meta-layouts":"default","ast-page-background-enabled":"default","ast-page-background-meta":{"desktop":{"background-color":"var(--ast-global-color-5)","background-image":"","background-repeat":"repeat","background-position":"center center","background-size":"auto","background-attachment":"scroll","background-type":"","background-media":"","overlay-type":"","overlay-color":"","overlay-opacity":"","overlay-gradient":""},"tablet":{"background-color":"","background-image":"","background-repeat":"repeat","background-position":"center center","background-size":"auto","background-attachment":"scroll","background-type":"","background-media":"","overlay-type":"","overlay-color":"","overlay-opacity":"","overlay-gradient":""},"mobile":{"background-color":"","background-image":"","background-repeat":"repeat","background-position":"center center","background-size":"auto","background-attachment":"scroll","background-type":"","background-media":"","overlay-type":"","overlay-color":"","overlay-opacity":"","overlay-gradient":""}},"ast-content-background-meta":{"desktop":{"background-color":"var(--ast-global-color-4)","background-image":"","background-repeat":"repeat","background-position":"center center","background-size":"auto","background-attachment":"scroll","background-type":"","background-media":"","overlay-type":"","overlay-color":"","overlay-opacity":"","overlay-gradient":""},"tablet":{"background-color":"var(--ast-global-color-4)","background-image":"","background-repeat":"repeat","background-position":"center center","background-size":"auto","background-attachment":"scroll","background-type":"","background-media":"","overlay-type":"","overlay-color":"","overlay-opacity":"","overlay-gradient":""},"mobile":{"background-color":"var(--ast-global-color-4)","background-image":"","background-repeat":"repeat","background-position":"center center","background-size":"auto","background-attachment":"scroll","background-type":"","background-media":"","overlay-type":"","overlay-color":"","overlay-opacity":"","overlay-gradient":""}},"footnotes":""},"class_list":["post-2510","page","type-page","status-publish","hentry"],"yoast_head":"<!-- This site is optimized with the Yoast SEO plugin v27.2 - https:\/\/yoast.com\/product\/yoast-seo-wordpress\/ -->\n<title>Register - \u200e<\/title>\n<meta name=\"robots\" content=\"index, follow, max-snippet:-1, max-image-preview:large, max-video-preview:-1\" \/>\n<link rel=\"canonical\" href=\"https:\/\/ostromap.fi\/en\/register\/\" \/>\n<meta property=\"og:locale\" content=\"en_US\" \/>\n<meta property=\"og:type\" content=\"article\" \/>\n<meta property=\"og:title\" content=\"Register - \u200e\" \/>\n<meta property=\"og:description\" content=\"Rekisteriseloste Viimeksi p\u00e4ivitetty 24.4.2018. Henkil\u00f6tietolain (523\/1999) 10\u00a7:n mukainen rekisteriseloste: Rekisterinpit\u00e4j\u00e4 Ostromap Oy AB \u2013 VAT FI28595173Osoite: Ristikarintie 23, 68600 Pietarsaari [&hellip;]\" \/>\n<meta property=\"og:url\" content=\"https:\/\/ostromap.fi\/en\/register\/\" \/>\n<meta property=\"og:site_name\" content=\"\u200e\" \/>\n<meta property=\"article:modified_time\" content=\"2025-07-03T11:43:53+00:00\" \/>\n<meta name=\"twitter:card\" content=\"summary_large_image\" \/>\n<meta name=\"twitter:label1\" content=\"Est. reading time\" \/>\n\t<meta name=\"twitter:data1\" content=\"2 minutes\" \/>\n<script type=\"application\/ld+json\" class=\"yoast-schema-graph\">{\"@context\":\"https:\/\/schema.org\",\"@graph\":[{\"@type\":\"WebPage\",\"@id\":\"https:\/\/ostromap.fi\/en\/register\/\",\"url\":\"https:\/\/ostromap.fi\/en\/register\/\",\"name\":\"Register - \u200e\",\"isPartOf\":{\"@id\":\"https:\/\/ostromap.fi\/en\/#website\"},\"datePublished\":\"2018-05-24T16:24:03+00:00\",\"dateModified\":\"2025-07-03T11:43:53+00:00\",\"breadcrumb\":{\"@id\":\"https:\/\/ostromap.fi\/en\/register\/#breadcrumb\"},\"inLanguage\":\"en-US\",\"potentialAction\":[{\"@type\":\"ReadAction\",\"target\":[\"https:\/\/ostromap.fi\/en\/register\/\"]}]},{\"@type\":\"BreadcrumbList\",\"@id\":\"https:\/\/ostromap.fi\/en\/register\/#breadcrumb\",\"itemListElement\":[{\"@type\":\"ListItem\",\"position\":1,\"name\":\"Home\",\"item\":\"https:\/\/ostromap.fi\/en\/\"},{\"@type\":\"ListItem\",\"position\":2,\"name\":\"Register\"}]},{\"@type\":\"WebSite\",\"@id\":\"https:\/\/ostromap.fi\/en\/#website\",\"url\":\"https:\/\/ostromap.fi\/en\/\",\"name\":\"\u200e\",\"description\":\"Maanmittaus, rakennusmittaus ja mittauspalvelut\",\"publisher\":{\"@id\":\"https:\/\/ostromap.fi\/en\/#organization\"},\"potentialAction\":[{\"@type\":\"SearchAction\",\"target\":{\"@type\":\"EntryPoint\",\"urlTemplate\":\"https:\/\/ostromap.fi\/en\/?s={search_term_string}\"},\"query-input\":{\"@type\":\"PropertyValueSpecification\",\"valueRequired\":true,\"valueName\":\"search_term_string\"}}],\"inLanguage\":\"en-US\"},{\"@type\":\"Organization\",\"@id\":\"https:\/\/ostromap.fi\/en\/#organization\",\"name\":\"\u200e\",\"url\":\"https:\/\/ostromap.fi\/en\/\",\"logo\":{\"@type\":\"ImageObject\",\"inLanguage\":\"en-US\",\"@id\":\"https:\/\/ostromap.fi\/en\/#\/schema\/logo\/image\/\",\"url\":\"https:\/\/ostromap.fi\/wp-content\/uploads\/2022\/03\/cropped-cropped-cropped-Ostromap-500x500px.png\",\"contentUrl\":\"https:\/\/ostromap.fi\/wp-content\/uploads\/2022\/03\/cropped-cropped-cropped-Ostromap-500x500px.png\",\"width\":360,\"height\":84,\"caption\":\"\u200e\"},\"image\":{\"@id\":\"https:\/\/ostromap.fi\/en\/#\/schema\/logo\/image\/\"}}]}<\/script>\n<!-- \/ Yoast SEO plugin. -->","yoast_head_json":{"title":"Register - \u200e","robots":{"index":"index","follow":"follow","max-snippet":"max-snippet:-1","max-image-preview":"max-image-preview:large","max-video-preview":"max-video-preview:-1"},"canonical":"https:\/\/ostromap.fi\/en\/register\/","og_locale":"en_US","og_type":"article","og_title":"Register - \u200e","og_description":"Rekisteriseloste Viimeksi p\u00e4ivitetty 24.4.2018. Henkil\u00f6tietolain (523\/1999) 10\u00a7:n mukainen rekisteriseloste: Rekisterinpit\u00e4j\u00e4 Ostromap Oy AB \u2013 VAT FI28595173Osoite: Ristikarintie 23, 68600 Pietarsaari [&hellip;]","og_url":"https:\/\/ostromap.fi\/en\/register\/","og_site_name":"\u200e","article_modified_time":"2025-07-03T11:43:53+00:00","twitter_card":"summary_large_image","twitter_misc":{"Est. reading time":"2 minutes"},"schema":{"@context":"https:\/\/schema.org","@graph":[{"@type":"WebPage","@id":"https:\/\/ostromap.fi\/en\/register\/","url":"https:\/\/ostromap.fi\/en\/register\/","name":"Register - \u200e","isPartOf":{"@id":"https:\/\/ostromap.fi\/en\/#website"},"datePublished":"2018-05-24T16:24:03+00:00","dateModified":"2025-07-03T11:43:53+00:00","breadcrumb":{"@id":"https:\/\/ostromap.fi\/en\/register\/#breadcrumb"},"inLanguage":"en-US","potentialAction":[{"@type":"ReadAction","target":["https:\/\/ostromap.fi\/en\/register\/"]}]},{"@type":"BreadcrumbList","@id":"https:\/\/ostromap.fi\/en\/register\/#breadcrumb","itemListElement":[{"@type":"ListItem","position":1,"name":"Home","item":"https:\/\/ostromap.fi\/en\/"},{"@type":"ListItem","position":2,"name":"Register"}]},{"@type":"WebSite","@id":"https:\/\/ostromap.fi\/en\/#website","url":"https:\/\/ostromap.fi\/en\/","name":"\u200e","description":"Maanmittaus, rakennusmittaus ja mittauspalvelut","publisher":{"@id":"https:\/\/ostromap.fi\/en\/#organization"},"potentialAction":[{"@type":"SearchAction","target":{"@type":"EntryPoint","urlTemplate":"https:\/\/ostromap.fi\/en\/?s={search_term_string}"},"query-input":{"@type":"PropertyValueSpecification","valueRequired":true,"valueName":"search_term_string"}}],"inLanguage":"en-US"},{"@type":"Organization","@id":"https:\/\/ostromap.fi\/en\/#organization","name":"\u200e","url":"https:\/\/ostromap.fi\/en\/","logo":{"@type":"ImageObject","inLanguage":"en-US","@id":"https:\/\/ostromap.fi\/en\/#\/schema\/logo\/image\/","url":"https:\/\/ostromap.fi\/wp-content\/uploads\/2022\/03\/cropped-cropped-cropped-Ostromap-500x500px.png","contentUrl":"https:\/\/ostromap.fi\/wp-content\/uploads\/2022\/03\/cropped-cropped-cropped-Ostromap-500x500px.png","width":360,"height":84,"caption":"\u200e"},"image":{"@id":"https:\/\/ostromap.fi\/en\/#\/schema\/logo\/image\/"}}]}},"rttpg_featured_image_url":null,"rttpg_author":{"display_name":"Johannes V\u00e4h\u00e4kangas","author_link":"https:\/\/ostromap.fi\/en\/author\/johannes\/"},"rttpg_comment":0,"rttpg_category":" <a href=\"https:\/\/ostromap.fi\/en\/?taxonomy=translation_priority&#038;term=optional-en\" rel=\"tag\">Optional<\/a>","rttpg_excerpt":"Rekisteriseloste Viimeksi p\u00e4ivitetty 24.4.2018. Henkil\u00f6tietolain (523\/1999) 10\u00a7:n mukainen rekisteriseloste: Rekisterinpit\u00e4j\u00e4 Ostromap Oy AB \u2013 VAT FI28595173Osoite: Ristikarintie 23, 68600 Pietarsaari [&hellip;]","_links":{"self":[{"href":"https:\/\/ostromap.fi\/en\/wp-json\/wp\/v2\/pages\/2510","targetHints":{"allow":["GET"]}}],"collection":[{"href":"https:\/\/ostromap.fi\/en\/wp-json\/wp\/v2\/pages"}],"about":[{"href":"https:\/\/ostromap.fi\/en\/wp-json\/wp\/v2\/types\/page"}],"author":[{"embeddable":true,"href":"https:\/\/ostromap.fi\/en\/wp-json\/wp\/v2\/users\/7"}],"replies":[{"embeddable":true,"href":"https:\/\/ostromap.fi\/en\/wp-json\/wp\/v2\/comments?post=2510"}],"version-history":[{"count":7,"href":"https:\/\/ostromap.fi\/en\/wp-json\/wp\/v2\/pages\/2510\/revisions"}],"predecessor-version":[{"id":86785,"href":"https:\/\/ostromap.fi\/en\/wp-json\/wp\/v2\/pages\/2510\/revisions\/86785"}],"wp:attachment":[{"href":"https:\/\/ostromap.fi\/en\/wp-json\/wp\/v2\/media?parent=2510"}],"curies":[{"name":"wp","href":"https:\/\/api.w.org\/{rel}","templated":true}]}}