{"id":85680,"date":"2025-06-25T16:37:46","date_gmt":"2025-06-25T13:37:46","guid":{"rendered":"https:\/\/ostromap.fi\/blog\/"},"modified":"2025-06-26T09:52:34","modified_gmt":"2025-06-26T06:52:34","slug":"blog","status":"publish","type":"page","link":"https:\/\/ostromap.fi\/en\/blog\/","title":{"rendered":"Blog"},"content":{"rendered":"\t\t<div data-elementor-type=\"wp-page\" data-elementor-id=\"85680\" class=\"elementor elementor-85680 elementor-85671\">\n\t\t\t\t<div class=\"elementor-element elementor-element-d863161 e-flex e-con-boxed e-con e-parent\" data-id=\"d863161\" data-element_type=\"container\" data-e-type=\"container\">\n\t\t\t\t\t<div class=\"e-con-inner\">\n\t\t\t\t<div class=\"elementor-element elementor-element-098475e section-title-style-default meta-visibility-show title_position_default title_hover_border_default title-default img_hover_animation_default meta_position_default tpg-is-author-icon-show author-image-visibility-icon grid-hover-overlay-type-always tpg-el-box-border-enable tpg-border-bottom-disable elementor-widget elementor-widget-tpg-grid-layout\" data-id=\"098475e\" data-element_type=\"widget\" data-e-type=\"widget\" data-widget_type=\"tpg-grid-layout.default\">\n\t\t\t\t<div class=\"elementor-widget-container\">\n\t\t\t\t\t\t\t<div class=\"rt-container-fluid rt-tpg-container tpg-el-main-wrapper clearfix grid-layout4-main \"\n\t\t\t id=\"rt-tpg-container-3333159762\"\n\t\t\t data-layout=\"grid-layout4\"\n\t\t\t data-grid-style=\"tpg-full-height\"\n\t\t\t data-sc-id=\"elementor\"\n\t\t\t data-el-settings=''\n\t\t\t data-el-query=''\n\t\t\t data-el-path=''\n\t\t>\n\t\t\t\t\t\t<div class='tpg-header-wrapper '>\n\t\t\t\t\n        <div class=\"tpg-widget-heading-wrapper rt-clear heading-default \">\n            <span class=\"tpg-widget-heading-line line-left\"><\/span>\n\t\t\t<h2 class='tpg-widget-heading'>\n\t\t\t\n\t\t\t\t                    <span>\n\t\t\t\t\t\tBlog\t\t\t\t\t<\/span>\n\t\t\t\t\t\n\t\t\t\t\t\t\t<\/h2>            <span class=\"tpg-widget-heading-line line-right\"><\/span>\n\n\t\t\t\n        <\/div>\n\n\t\t\n\t\t\t\t\t<\/div>\n\n\t\t\t<div data-title=\"Loading ...\" class=\"rt-row rt-content-loader grid-layout4 grid-behaviour tpg-full-height grid_layout_wrapper\">\n\t\t\t\t\n<div class=\"rt-col-md-6 rt-col-sm-6 rt-col-xs-12 default rt-grid-item\" data-id=\"2418\">\n\t<div class=\"rt-holder tpg-post-holder \">\n\t\t<div class=\"rt-detail rt-el-content-wrapper\">\n\t\t\t\t\t\t\t<div class=\"rt-img-holder tpg-el-image-wrap has-thumbnail\">\n\t\t\t\t\t<a data-id=\"2418\" href=\"https:\/\/ostromap.fi\/en\/lansiniitty-suburb-vaasa-machine-control\/\" class=\"tpg-post-link\" target=\"_self\">                        <img fetchpriority=\"high\" decoding=\"async\" src=\"https:\/\/ostromap.fi\/wp-content\/uploads\/2018\/01\/v\u00e4ster\u00e4ngen_bostadsomr\u00e5de_1_tiny-768x813.png\"\n                             class=\"rt-img-responsive\"\n                             width=\"768\"\n                             height=\"813\"\n                             alt=\"En maskinstyrningsmodell \u00f6ver v\u00e4ster\u00e4ngens bostadsomr\u00e5de i Vasa\">\n\t\t\t\t\t\t\n\t\t\t\t\t\t\t\n\t\t<\/a>\n\t\t        <div class=\"overlay grid-hover-content\"><\/div>\n\t\t\t\t\t\t<\/div>\n\t\t\t\n\t\t\t<div class=\"entry-title-wrapper\"><h3 class=\"entry-title\"><a data-id=\"2418\" href=\"https:\/\/ostromap.fi\/en\/lansiniitty-suburb-vaasa-machine-control\/\" class=\"tpg-post-link\" target=\"_self\">The L\u00e4nsiniitty Suburb of Vaasa, Finland | Machine control<\/a><\/h3><\/div>\n\t\t\t\t\t\t\t<div class=\"post-meta-tags rt-el-post-meta\">\n\t\t\t\t\t            <span class='author '>\n\n\t\t\t\t<i class='fa fa-user '><\/i><span class='author-prefix'>By<\/span><a href=\"https:\/\/ostromap.fi\/en\/author\/ostromap\/\">ostromap<\/a>\t\t\t<\/span>\n\t\t\t            <span class='date'>\n\t\t\t\t<i class='far fa-calendar-alt '><\/i>\t\t\t\t                    <a href=\"https:\/\/ostromap.fi\/en\/2018\/05\/09\/\">\n\t\t\t\t\tMay 9, 2018\t\t\t\t<\/a>\n\t\t\t\t\t\t\t<\/span>\n\t\t\t\t\t\t\t<\/div>\n\t\t\t\n\t\t\t\t\t\t\t<div class=\"tpg-excerpt tpg-el-excerpt\">\n\t\t\t\t\t\t\t\t\t\t\t<div class=\"tpg-excerpt-inner\">\n\t\t\t\t\t\t\tThe L\u00e4nsiniitty suburb of Vaasa is located a stone's throw from the rapidly growing Kivihaka shopping mall. This area will be completed in spring 2018, and it consists of about 150 residential or...\t\t\t\t\t\t<\/div>\n\t\t\t\t\t\t\t\t\t\t\t\t\t\t<\/div>\n\t\t\t\n\t\t\t\t\t<\/div>\n\t<\/div>\n<\/div>\n\n<div class=\"rt-col-md-6 rt-col-sm-6 rt-col-xs-12 default rt-grid-item\" data-id=\"2417\">\n\t<div class=\"rt-holder tpg-post-holder \">\n\t\t<div class=\"rt-detail rt-el-content-wrapper\">\n\t\t\t\t\t\t\t<div class=\"rt-img-holder tpg-el-image-wrap has-thumbnail\">\n\t\t\t\t\t<a data-id=\"2417\" href=\"https:\/\/ostromap.fi\/en\/hotel-scandic-vaasa-infrastructure-measurement\/\" class=\"tpg-post-link\" target=\"_self\">                        <img decoding=\"async\" src=\"https:\/\/ostromap.fi\/wp-content\/uploads\/2018\/02\/Case-study_Scandic_case_02_tiny.png\"\n                             class=\"rt-img-responsive\"\n                             width=\"391\"\n                             height=\"521\"\n                             alt=\"Ostromap - mittauspalvelut | Inframittaus\">\n\t\t\t\t\t\t\n\t\t\t\t\t\t\t\n\t\t<\/a>\n\t\t        <div class=\"overlay grid-hover-content\"><\/div>\n\t\t\t\t\t\t<\/div>\n\t\t\t\n\t\t\t<div class=\"entry-title-wrapper\"><h3 class=\"entry-title\"><a data-id=\"2417\" href=\"https:\/\/ostromap.fi\/en\/hotel-scandic-vaasa-infrastructure-measurement\/\" class=\"tpg-post-link\" target=\"_self\">Hotel Scandic Vaasa | Infrastructure measurement<\/a><\/h3><\/div>\n\t\t\t\t\t\t\t<div class=\"post-meta-tags rt-el-post-meta\">\n\t\t\t\t\t            <span class='author '>\n\n\t\t\t\t<i class='fa fa-user '><\/i><span class='author-prefix'>By<\/span><a href=\"https:\/\/ostromap.fi\/en\/author\/ostromap\/\">ostromap<\/a>\t\t\t<\/span>\n\t\t\t            <span class='date'>\n\t\t\t\t<i class='far fa-calendar-alt '><\/i>\t\t\t\t                    <a href=\"https:\/\/ostromap.fi\/en\/2018\/05\/09\/\">\n\t\t\t\t\tMay 9, 2018\t\t\t\t<\/a>\n\t\t\t\t\t\t\t<\/span>\n\t\t\t\t\t\t\t<\/div>\n\t\t\t\n\t\t\t\t\t\t\t<div class=\"tpg-excerpt tpg-el-excerpt\">\n\t\t\t\t\t\t\t\t\t\t\t<div class=\"tpg-excerpt-inner\">\n\t\t\t\t\t\t\tIn 2017, the Wasacon construction company built a hotel at the corner of Rautatienkatu and Rosteninkatu in Vaasa. The 8-storey triangular-shaped tower with glass facade adds something new to the Vaasa...\t\t\t\t\t\t<\/div>\n\t\t\t\t\t\t\t\t\t\t\t\t\t\t<\/div>\n\t\t\t\n\t\t\t\t\t<\/div>\n\t<\/div>\n<\/div>\n\n<div class=\"rt-col-md-6 rt-col-sm-6 rt-col-xs-12 default rt-grid-item\" data-id=\"2416\">\n\t<div class=\"rt-holder tpg-post-holder \">\n\t\t<div class=\"rt-detail rt-el-content-wrapper\">\n\t\t\t\t\t\t\t<div class=\"rt-img-holder tpg-el-image-wrap has-thumbnail\">\n\t\t\t\t\t<a data-id=\"2416\" href=\"https:\/\/ostromap.fi\/en\/jarmo-toikka-ky-uav-aerial-photography\/\" class=\"tpg-post-link\" target=\"_self\">                        <img decoding=\"async\" src=\"https:\/\/ostromap.fi\/wp-content\/uploads\/2018\/03\/UAV_featured_MG_5295_s_tiny-768x512.jpg\"\n                             class=\"rt-img-responsive\"\n                             width=\"768\"\n                             height=\"512\"\n                             alt=\"Ostromap - mittauspalvelut | UAV\">\n\t\t\t\t\t\t\n\t\t\t\t\t\t\t\n\t\t<\/a>\n\t\t        <div class=\"overlay grid-hover-content\"><\/div>\n\t\t\t\t\t\t<\/div>\n\t\t\t\n\t\t\t<div class=\"entry-title-wrapper\"><h3 class=\"entry-title\"><a data-id=\"2416\" href=\"https:\/\/ostromap.fi\/en\/jarmo-toikka-ky-uav-aerial-photography\/\" class=\"tpg-post-link\" target=\"_self\">Jarmo Toikka Ky | UAV Aerial Photography<\/a><\/h3><\/div>\n\t\t\t\t\t\t\t<div class=\"post-meta-tags rt-el-post-meta\">\n\t\t\t\t\t            <span class='author '>\n\n\t\t\t\t<i class='fa fa-user '><\/i><span class='author-prefix'>By<\/span><a href=\"https:\/\/ostromap.fi\/en\/author\/ostromap\/\">ostromap<\/a>\t\t\t<\/span>\n\t\t\t            <span class='date'>\n\t\t\t\t<i class='far fa-calendar-alt '><\/i>\t\t\t\t                    <a href=\"https:\/\/ostromap.fi\/en\/2018\/05\/09\/\">\n\t\t\t\t\tMay 9, 2018\t\t\t\t<\/a>\n\t\t\t\t\t\t\t<\/span>\n\t\t\t\t\t\t\t<\/div>\n\t\t\t\n\t\t\t\t\t\t\t<div class=\"tpg-excerpt tpg-el-excerpt\">\n\t\t\t\t\t\t\t\t\t\t\t<div class=\"tpg-excerpt-inner\">\n\t\t\t\t\t\t\tIn the summer of 2017, we conducted UAV flight measurements for Jarmo Toikka Ky, a company specialising in earthworks. The customer wanted to find out the number of gravel piles in an area spanning 30...\t\t\t\t\t\t<\/div>\n\t\t\t\t\t\t\t\t\t\t\t\t\t\t<\/div>\n\t\t\t\n\t\t\t\t\t<\/div>\n\t<\/div>\n<\/div>\n\n<div class=\"rt-col-md-6 rt-col-sm-6 rt-col-xs-12 default rt-grid-item\" data-id=\"2415\">\n\t<div class=\"rt-holder tpg-post-holder \">\n\t\t<div class=\"rt-detail rt-el-content-wrapper\">\n\t\t\t\t\t\t\t<div class=\"rt-img-holder tpg-el-image-wrap has-thumbnail\">\n\t\t\t\t\t<a data-id=\"2415\" href=\"https:\/\/ostromap.fi\/en\/malmberget-gallivare-mine-measurement\/\" class=\"tpg-post-link\" target=\"_self\">                        <img loading=\"lazy\" decoding=\"async\" src=\"https:\/\/ostromap.fi\/wp-content\/uploads\/2018\/03\/Vy-p\u00e5-niv\u00e5n-1000_s_tiny-1-768x431.jpg\"\n                             class=\"rt-img-responsive\"\n                             width=\"768\"\n                             height=\"431\"\n                             alt=\"Ostromap - mittauspalvelut | Kaivosmittaus, G\u00e4llivare\">\n\t\t\t\t\t\t\n\t\t\t\t\t\t\t\n\t\t<\/a>\n\t\t        <div class=\"overlay grid-hover-content\"><\/div>\n\t\t\t\t\t\t<\/div>\n\t\t\t\n\t\t\t<div class=\"entry-title-wrapper\"><h3 class=\"entry-title\"><a data-id=\"2415\" href=\"https:\/\/ostromap.fi\/en\/malmberget-gallivare-mine-measurement\/\" class=\"tpg-post-link\" target=\"_self\">Malmberget | G\u00e4llivare | Mine measurement<\/a><\/h3><\/div>\n\t\t\t\t\t\t\t<div class=\"post-meta-tags rt-el-post-meta\">\n\t\t\t\t\t            <span class='author '>\n\n\t\t\t\t<i class='fa fa-user '><\/i><span class='author-prefix'>By<\/span><a href=\"https:\/\/ostromap.fi\/en\/author\/ostromap\/\">ostromap<\/a>\t\t\t<\/span>\n\t\t\t            <span class='date'>\n\t\t\t\t<i class='far fa-calendar-alt '><\/i>\t\t\t\t                    <a href=\"https:\/\/ostromap.fi\/en\/2018\/05\/09\/\">\n\t\t\t\t\tMay 9, 2018\t\t\t\t<\/a>\n\t\t\t\t\t\t\t<\/span>\n\t\t\t\t\t\t\t<\/div>\n\t\t\t\n\t\t\t\t\t\t\t<div class=\"tpg-excerpt tpg-el-excerpt\">\n\t\t\t\t\t\t\t\t\t\t\t<div class=\"tpg-excerpt-inner\">\n\t\t\t\t\t\t\tThe project has been about production measurements: mine drifts are marked where the drill rigs continue drilling according to pre-planned layouts. As the blasting progresses, the walls are surveyed...\t\t\t\t\t\t<\/div>\n\t\t\t\t\t\t\t\t\t\t\t\t\t\t<\/div>\n\t\t\t\n\t\t\t\t\t<\/div>\n\t<\/div>\n<\/div>\n\t\t\t<\/div>\n\t\t\t\n\t\t<\/div>\n\t\t\t\t\t\t<\/div>\n\t\t\t\t<\/div>\n\t\t\t\t\t<\/div>\n\t\t\t\t<\/div>\n\t\t\t\t<\/div>\n\t\t","protected":false},"excerpt":{"rendered":"<p>Blog The L\u00e4nsiniitty Suburb of Vaasa, Finland | Machine control Bybeardlion May 9, 2018 The L\u00e4nsiniitty suburb of Vaasa is [&hellip;]<\/p>\n","protected":false},"author":7,"featured_media":0,"parent":0,"menu_order":0,"comment_status":"closed","ping_status":"closed","template":"","meta":{"_exactmetrics_skip_tracking":false,"_exactmetrics_sitenote_active":false,"_exactmetrics_sitenote_note":"","_exactmetrics_sitenote_category":0,"site-sidebar-layout":"no-sidebar","site-content-layout":"","ast-site-content-layout":"full-width-container","site-content-style":"default","site-sidebar-style":"default","ast-global-header-display":"","ast-banner-title-visibility":"","ast-main-header-display":"","ast-hfb-above-header-display":"","ast-hfb-below-header-display":"","ast-hfb-mobile-header-display":"","site-post-title":"disabled","ast-breadcrumbs-content":"","ast-featured-img":"disabled","footer-sml-layout":"","theme-transparent-header-meta":"","adv-header-id-meta":"","stick-header-meta":"","header-above-stick-meta":"","header-main-stick-meta":"","header-below-stick-meta":"","astra-migrate-meta-layouts":"default","ast-page-background-enabled":"default","ast-page-background-meta":{"desktop":{"background-color":"var(--ast-global-color-5)","background-image":"","background-repeat":"repeat","background-position":"center center","background-size":"auto","background-attachment":"scroll","background-type":"","background-media":"","overlay-type":"","overlay-color":"","overlay-opacity":"","overlay-gradient":""},"tablet":{"background-color":"","background-image":"","background-repeat":"repeat","background-position":"center center","background-size":"auto","background-attachment":"scroll","background-type":"","background-media":"","overlay-type":"","overlay-color":"","overlay-opacity":"","overlay-gradient":""},"mobile":{"background-color":"","background-image":"","background-repeat":"repeat","background-position":"center center","background-size":"auto","background-attachment":"scroll","background-type":"","background-media":"","overlay-type":"","overlay-color":"","overlay-opacity":"","overlay-gradient":""}},"ast-content-background-meta":{"desktop":{"background-color":"var(--ast-global-color-4)","background-image":"","background-repeat":"repeat","background-position":"center center","background-size":"auto","background-attachment":"scroll","background-type":"","background-media":"","overlay-type":"","overlay-color":"","overlay-opacity":"","overlay-gradient":""},"tablet":{"background-color":"var(--ast-global-color-4)","background-image":"","background-repeat":"repeat","background-position":"center center","background-size":"auto","background-attachment":"scroll","background-type":"","background-media":"","overlay-type":"","overlay-color":"","overlay-opacity":"","overlay-gradient":""},"mobile":{"background-color":"var(--ast-global-color-4)","background-image":"","background-repeat":"repeat","background-position":"center center","background-size":"auto","background-attachment":"scroll","background-type":"","background-media":"","overlay-type":"","overlay-color":"","overlay-opacity":"","overlay-gradient":""}},"footnotes":""},"class_list":["post-85680","page","type-page","status-publish","hentry"],"yoast_head":"<!-- This site is optimized with the Yoast SEO plugin v27.2 - https:\/\/yoast.com\/product\/yoast-seo-wordpress\/ -->\n<title>Blog - \u200e<\/title>\n<meta name=\"robots\" content=\"index, follow, max-snippet:-1, max-image-preview:large, max-video-preview:-1\" \/>\n<link rel=\"canonical\" href=\"https:\/\/ostromap.fi\/en\/blog\/\" \/>\n<meta property=\"og:locale\" content=\"en_US\" \/>\n<meta property=\"og:type\" content=\"article\" \/>\n<meta property=\"og:title\" content=\"Blog - \u200e\" \/>\n<meta property=\"og:description\" content=\"Blog The L\u00e4nsiniitty Suburb of Vaasa, Finland | Machine control Bybeardlion May 9, 2018 The L\u00e4nsiniitty suburb of Vaasa is [&hellip;]\" \/>\n<meta property=\"og:url\" content=\"https:\/\/ostromap.fi\/en\/blog\/\" \/>\n<meta property=\"og:site_name\" content=\"\u200e\" \/>\n<meta property=\"article:modified_time\" content=\"2025-06-26T06:52:34+00:00\" \/>\n<meta property=\"og:image\" content=\"https:\/\/ostromap.fi\/wp-content\/uploads\/2018\/02\/Case-study_Scandic_case_02_tiny.png\" \/>\n<meta name=\"twitter:card\" content=\"summary_large_image\" \/>\n<meta name=\"twitter:label1\" content=\"Est. reading time\" \/>\n\t<meta name=\"twitter:data1\" content=\"2 minutes\" \/>\n<script type=\"application\/ld+json\" class=\"yoast-schema-graph\">{\"@context\":\"https:\/\/schema.org\",\"@graph\":[{\"@type\":\"WebPage\",\"@id\":\"https:\/\/ostromap.fi\/en\/blog\/\",\"url\":\"https:\/\/ostromap.fi\/en\/blog\/\",\"name\":\"Blog - \u200e\",\"isPartOf\":{\"@id\":\"https:\/\/ostromap.fi\/en\/#website\"},\"primaryImageOfPage\":{\"@id\":\"https:\/\/ostromap.fi\/en\/blog\/#primaryimage\"},\"image\":{\"@id\":\"https:\/\/ostromap.fi\/en\/blog\/#primaryimage\"},\"thumbnailUrl\":\"https:\/\/ostromap.fi\/wp-content\/uploads\/2018\/02\/Case-study_Scandic_case_02_tiny.png\",\"datePublished\":\"2025-06-25T13:37:46+00:00\",\"dateModified\":\"2025-06-26T06:52:34+00:00\",\"breadcrumb\":{\"@id\":\"https:\/\/ostromap.fi\/en\/blog\/#breadcrumb\"},\"inLanguage\":\"en-US\",\"potentialAction\":[{\"@type\":\"ReadAction\",\"target\":[\"https:\/\/ostromap.fi\/en\/blog\/\"]}]},{\"@type\":\"ImageObject\",\"inLanguage\":\"en-US\",\"@id\":\"https:\/\/ostromap.fi\/en\/blog\/#primaryimage\",\"url\":\"https:\/\/ostromap.fi\/wp-content\/uploads\/2018\/02\/Case-study_Scandic_case_02_tiny.png\",\"contentUrl\":\"https:\/\/ostromap.fi\/wp-content\/uploads\/2018\/02\/Case-study_Scandic_case_02_tiny.png\"},{\"@type\":\"BreadcrumbList\",\"@id\":\"https:\/\/ostromap.fi\/en\/blog\/#breadcrumb\",\"itemListElement\":[{\"@type\":\"ListItem\",\"position\":1,\"name\":\"Home\",\"item\":\"https:\/\/ostromap.fi\/en\/\"},{\"@type\":\"ListItem\",\"position\":2,\"name\":\"Blog\"}]},{\"@type\":\"WebSite\",\"@id\":\"https:\/\/ostromap.fi\/en\/#website\",\"url\":\"https:\/\/ostromap.fi\/en\/\",\"name\":\"\u200e\",\"description\":\"Maanmittaus, rakennusmittaus ja mittauspalvelut\",\"publisher\":{\"@id\":\"https:\/\/ostromap.fi\/en\/#organization\"},\"potentialAction\":[{\"@type\":\"SearchAction\",\"target\":{\"@type\":\"EntryPoint\",\"urlTemplate\":\"https:\/\/ostromap.fi\/en\/?s={search_term_string}\"},\"query-input\":{\"@type\":\"PropertyValueSpecification\",\"valueRequired\":true,\"valueName\":\"search_term_string\"}}],\"inLanguage\":\"en-US\"},{\"@type\":\"Organization\",\"@id\":\"https:\/\/ostromap.fi\/en\/#organization\",\"name\":\"\u200e\",\"url\":\"https:\/\/ostromap.fi\/en\/\",\"logo\":{\"@type\":\"ImageObject\",\"inLanguage\":\"en-US\",\"@id\":\"https:\/\/ostromap.fi\/en\/#\/schema\/logo\/image\/\",\"url\":\"https:\/\/ostromap.fi\/wp-content\/uploads\/2022\/03\/cropped-cropped-cropped-Ostromap-500x500px.png\",\"contentUrl\":\"https:\/\/ostromap.fi\/wp-content\/uploads\/2022\/03\/cropped-cropped-cropped-Ostromap-500x500px.png\",\"width\":360,\"height\":84,\"caption\":\"\u200e\"},\"image\":{\"@id\":\"https:\/\/ostromap.fi\/en\/#\/schema\/logo\/image\/\"}}]}<\/script>\n<!-- \/ Yoast SEO plugin. -->","yoast_head_json":{"title":"Blog - \u200e","robots":{"index":"index","follow":"follow","max-snippet":"max-snippet:-1","max-image-preview":"max-image-preview:large","max-video-preview":"max-video-preview:-1"},"canonical":"https:\/\/ostromap.fi\/en\/blog\/","og_locale":"en_US","og_type":"article","og_title":"Blog - \u200e","og_description":"Blog The L\u00e4nsiniitty Suburb of Vaasa, Finland | Machine control Bybeardlion May 9, 2018 The L\u00e4nsiniitty suburb of Vaasa is [&hellip;]","og_url":"https:\/\/ostromap.fi\/en\/blog\/","og_site_name":"\u200e","article_modified_time":"2025-06-26T06:52:34+00:00","og_image":[{"url":"https:\/\/ostromap.fi\/wp-content\/uploads\/2018\/02\/Case-study_Scandic_case_02_tiny.png","type":"","width":"","height":""}],"twitter_card":"summary_large_image","twitter_misc":{"Est. reading time":"2 minutes"},"schema":{"@context":"https:\/\/schema.org","@graph":[{"@type":"WebPage","@id":"https:\/\/ostromap.fi\/en\/blog\/","url":"https:\/\/ostromap.fi\/en\/blog\/","name":"Blog - \u200e","isPartOf":{"@id":"https:\/\/ostromap.fi\/en\/#website"},"primaryImageOfPage":{"@id":"https:\/\/ostromap.fi\/en\/blog\/#primaryimage"},"image":{"@id":"https:\/\/ostromap.fi\/en\/blog\/#primaryimage"},"thumbnailUrl":"https:\/\/ostromap.fi\/wp-content\/uploads\/2018\/02\/Case-study_Scandic_case_02_tiny.png","datePublished":"2025-06-25T13:37:46+00:00","dateModified":"2025-06-26T06:52:34+00:00","breadcrumb":{"@id":"https:\/\/ostromap.fi\/en\/blog\/#breadcrumb"},"inLanguage":"en-US","potentialAction":[{"@type":"ReadAction","target":["https:\/\/ostromap.fi\/en\/blog\/"]}]},{"@type":"ImageObject","inLanguage":"en-US","@id":"https:\/\/ostromap.fi\/en\/blog\/#primaryimage","url":"https:\/\/ostromap.fi\/wp-content\/uploads\/2018\/02\/Case-study_Scandic_case_02_tiny.png","contentUrl":"https:\/\/ostromap.fi\/wp-content\/uploads\/2018\/02\/Case-study_Scandic_case_02_tiny.png"},{"@type":"BreadcrumbList","@id":"https:\/\/ostromap.fi\/en\/blog\/#breadcrumb","itemListElement":[{"@type":"ListItem","position":1,"name":"Home","item":"https:\/\/ostromap.fi\/en\/"},{"@type":"ListItem","position":2,"name":"Blog"}]},{"@type":"WebSite","@id":"https:\/\/ostromap.fi\/en\/#website","url":"https:\/\/ostromap.fi\/en\/","name":"\u200e","description":"Maanmittaus, rakennusmittaus ja mittauspalvelut","publisher":{"@id":"https:\/\/ostromap.fi\/en\/#organization"},"potentialAction":[{"@type":"SearchAction","target":{"@type":"EntryPoint","urlTemplate":"https:\/\/ostromap.fi\/en\/?s={search_term_string}"},"query-input":{"@type":"PropertyValueSpecification","valueRequired":true,"valueName":"search_term_string"}}],"inLanguage":"en-US"},{"@type":"Organization","@id":"https:\/\/ostromap.fi\/en\/#organization","name":"\u200e","url":"https:\/\/ostromap.fi\/en\/","logo":{"@type":"ImageObject","inLanguage":"en-US","@id":"https:\/\/ostromap.fi\/en\/#\/schema\/logo\/image\/","url":"https:\/\/ostromap.fi\/wp-content\/uploads\/2022\/03\/cropped-cropped-cropped-Ostromap-500x500px.png","contentUrl":"https:\/\/ostromap.fi\/wp-content\/uploads\/2022\/03\/cropped-cropped-cropped-Ostromap-500x500px.png","width":360,"height":84,"caption":"\u200e"},"image":{"@id":"https:\/\/ostromap.fi\/en\/#\/schema\/logo\/image\/"}}]}},"rttpg_featured_image_url":null,"rttpg_author":{"display_name":"Johannes V\u00e4h\u00e4kangas","author_link":"https:\/\/ostromap.fi\/en\/author\/johannes\/"},"rttpg_comment":0,"rttpg_category":"","rttpg_excerpt":"Blog The L\u00e4nsiniitty Suburb of Vaasa, Finland | Machine control Bybeardlion May 9, 2018 The L\u00e4nsiniitty suburb of Vaasa is [&hellip;]","_links":{"self":[{"href":"https:\/\/ostromap.fi\/en\/wp-json\/wp\/v2\/pages\/85680","targetHints":{"allow":["GET"]}}],"collection":[{"href":"https:\/\/ostromap.fi\/en\/wp-json\/wp\/v2\/pages"}],"about":[{"href":"https:\/\/ostromap.fi\/en\/wp-json\/wp\/v2\/types\/page"}],"author":[{"embeddable":true,"href":"https:\/\/ostromap.fi\/en\/wp-json\/wp\/v2\/users\/7"}],"replies":[{"embeddable":true,"href":"https:\/\/ostromap.fi\/en\/wp-json\/wp\/v2\/comments?post=85680"}],"version-history":[{"count":6,"href":"https:\/\/ostromap.fi\/en\/wp-json\/wp\/v2\/pages\/85680\/revisions"}],"predecessor-version":[{"id":85787,"href":"https:\/\/ostromap.fi\/en\/wp-json\/wp\/v2\/pages\/85680\/revisions\/85787"}],"wp:attachment":[{"href":"https:\/\/ostromap.fi\/en\/wp-json\/wp\/v2\/media?parent=85680"}],"curies":[{"name":"wp","href":"https:\/\/api.w.org\/{rel}","templated":true}]}}