{"id":1308,"date":"2018-03-18T15:30:27","date_gmt":"2018-03-18T13:30:27","guid":{"rendered":"https:\/\/ostromap.fi\/johtokartoitus\/"},"modified":"2025-07-16T10:33:36","modified_gmt":"2025-07-16T07:33:36","slug":"johtokartoitus","status":"publish","type":"page","link":"https:\/\/ostromap.fi\/fi\/palvelut\/johtokartoitus\/","title":{"rendered":"Johtokartoitus \/ Kaapelipaikannus"},"content":{"rendered":"\t\t<div data-elementor-type=\"wp-page\" data-elementor-id=\"1308\" class=\"elementor elementor-1308 elementor-749\">\n\t\t\t\t<div class=\"elementor-element elementor-element-267c1943 e-con-full e-flex e-con e-parent\" data-id=\"267c1943\" data-element_type=\"container\" data-e-type=\"container\" data-settings=\"{&quot;background_background&quot;:&quot;classic&quot;}\">\n\t\t\t\t<\/div>\n\t\t<div class=\"elementor-element elementor-element-61d1bbf3 e-flex e-con-boxed e-con e-parent\" data-id=\"61d1bbf3\" data-element_type=\"container\" data-e-type=\"container\">\n\t\t\t\t\t<div class=\"e-con-inner\">\n\t\t\t\t<div class=\"elementor-element elementor-element-bfb01c3 elementor-widget elementor-widget-heading\" data-id=\"bfb01c3\" data-element_type=\"widget\" data-e-type=\"widget\" data-widget_type=\"heading.default\">\n\t\t\t\t<div class=\"elementor-widget-container\">\n\t\t\t\t\t<h1 class=\"elementor-heading-title elementor-size-default\">Johtokartoitus - Kaapelipaikannus<\/h1>\t\t\t\t<\/div>\n\t\t\t\t<\/div>\n\t\t\t\t\t<\/div>\n\t\t\t\t<\/div>\n\t\t<div class=\"elementor-element elementor-element-54f781d3 e-flex e-con-boxed e-con e-parent\" data-id=\"54f781d3\" data-element_type=\"container\" data-e-type=\"container\">\n\t\t\t\t\t<div class=\"e-con-inner\">\n\t\t<div class=\"elementor-element elementor-element-26b9b51f e-con-full e-flex e-con e-child\" data-id=\"26b9b51f\" data-element_type=\"container\" data-e-type=\"container\">\n\t\t\t\t<div class=\"elementor-element elementor-element-6cf70035 elementor-widget elementor-widget-text-editor\" data-id=\"6cf70035\" data-element_type=\"widget\" data-e-type=\"widget\" data-widget_type=\"text-editor.default\">\n\t\t\t\t<div class=\"elementor-widget-container\">\n\t\t\t\t\t\t\t\t\t<p><strong>Kaapelipaikannus<\/strong><br \/>Kaivuu-, maarakennus- &amp; r\u00e4j\u00e4ytyst\u00f6iss\u00e4 on t\u00e4rke\u00e4\u00e4 varmistaa miss\u00e4 kaapelit todella sijaitsevat. N\u00e4in voidaa est\u00e4\u00e4 mahdolliset lis\u00e4kustannukset, sek\u00e4 viat s\u00e4hk\u00f6verkossa. Pahimmassa tapauksessa viallinen s\u00e4hk\u00f6verkko voi johtaa henkil\u00f6vahinkoihin. Meill\u00e4 Ostromapissa on vuosien kokemus kaapelipaikannuksesta (johtokartoitus). Autamme l\u00f6yt\u00e4m\u00e4\u00e4n maanalaiset puhelin,- s\u00e4hk\u00f6,- ja kuitukaapelit ja jopa kaukol\u00e4mp\u00f6putket.<\/p><p><strong>Paikannus tapahtuu kaapelinhakulaitteella, jonka toiminta perustuu s\u00e4hk\u00f6magneettiseen mittaukseen. S\u00e4hk\u00f6magneettisen l\u00e4hettimen avulla maan alla olevaan kaapeliin tai johtimeen luodaan magneettikentt\u00e4. Kaapeli pystyt\u00e4\u00e4n paikantamaan maan pinnalta vastaanottimen avulla. Tilaa kaapeleiden paikannus meilt\u00e4! Me merkitsemme niiden sijainnit maastoon ja maarakennusty\u00f6t sujuvat turvallisesti eik\u00e4 johtoja vahingoiteta.<\/strong><\/p><p><strong>Johtokartoitus<\/strong><br \/>Yll\u00e4pidett\u00e4ess\u00e4 maanalaisten johtojen ja kaapeleiden dokumentointia, GPS-tekniikan avulla tehty kartoitus on hyv\u00e4 ratkaisu. Kartoituksessa k\u00e4yt\u00e4mme Trimble R8 tai R10 GNNS-vastaanotinta. Kartoitamme puhelin,- s\u00e4hk\u00f6,- ja kuitujohdot sek\u00e4 kunnallistekniikan, kuten vesijohdot ja viem\u00e4r\u00f6innin. Kartoitus voi sis\u00e4lt\u00e4\u00e4 jo olemassa olevat johdotukset, mutta my\u00f6s eri rakennusvaiheiden uudet kaapelit, silloin kun ne ovat maassa n\u00e4kyvill\u00e4. Johdotuksen dokumentaation formaatin asiakas voi p\u00e4\u00e4tt\u00e4\u00e4 itse.<\/p><p><img fetchpriority=\"high\" decoding=\"async\" class=\"alignnone wp-image-86490 size-large\" src=\"https:\/\/ostromap.fi\/wp-content\/uploads\/2025\/07\/MG_5142_s_tiny-1-1024x683.jpg\" alt=\"\" width=\"1024\" height=\"683\" srcset=\"https:\/\/ostromap.fi\/wp-content\/uploads\/2025\/07\/MG_5142_s_tiny-1-1024x683.jpg 1024w, https:\/\/ostromap.fi\/wp-content\/uploads\/2025\/07\/MG_5142_s_tiny-1-300x200.jpg 300w, https:\/\/ostromap.fi\/wp-content\/uploads\/2025\/07\/MG_5142_s_tiny-1-768x512.jpg 768w, https:\/\/ostromap.fi\/wp-content\/uploads\/2025\/07\/MG_5142_s_tiny-1.jpg 1299w\" sizes=\"(max-width: 1024px) 100vw, 1024px\" \/><\/p>\t\t\t\t\t\t\t\t<\/div>\n\t\t\t\t<\/div>\n\t\t\t\t<\/div>\n\t\t<div class=\"elementor-element elementor-element-5ca95c0f e-con-full e-flex e-con e-child\" data-id=\"5ca95c0f\" data-element_type=\"container\" data-e-type=\"container\">\n\t\t\t\t<div class=\"elementor-element elementor-element-26eb6f9e elementor-widget elementor-widget-text-editor\" data-id=\"26eb6f9e\" data-element_type=\"widget\" data-e-type=\"widget\" data-widget_type=\"text-editor.default\">\n\t\t\t\t<div class=\"elementor-widget-container\">\n\t\t\t\t\t\t\t\t\t<p><strong>\u00c4l\u00e4 ep\u00e4r\u00f6i ottaa yhteytt\u00e4, jos sinulla on kysytt\u00e4v\u00e4\u00e4 mittauspalveluista. Kerromme mielell\u00e4mme miten voimme helpottaa ty\u00f6t\u00e4si!<\/strong><\/p>\t\t\t\t\t\t\t\t<\/div>\n\t\t\t\t<\/div>\n\t\t<div class=\"elementor-element elementor-element-1b2f3cc2 e-con-full e-flex e-con e-child\" data-id=\"1b2f3cc2\" data-element_type=\"container\" data-e-type=\"container\">\n\t\t<div class=\"elementor-element elementor-element-b0abd5d e-con-full e-flex e-con e-child\" data-id=\"b0abd5d\" data-element_type=\"container\" data-e-type=\"container\" data-settings=\"{&quot;background_background&quot;:&quot;classic&quot;}\">\n\t\t\t\t<\/div>\n\t\t<div class=\"elementor-element elementor-element-7337bf79 e-con-full e-flex e-con e-child\" data-id=\"7337bf79\" data-element_type=\"container\" data-e-type=\"container\">\n\t\t\t\t<div class=\"elementor-element elementor-element-1215626c elementor-widget elementor-widget-heading\" data-id=\"1215626c\" data-element_type=\"widget\" data-e-type=\"widget\" data-widget_type=\"heading.default\">\n\t\t\t\t<div class=\"elementor-widget-container\">\n\t\t\t\t\t<h2 class=\"elementor-heading-title elementor-size-default\">Henrik Aho<\/h2>\t\t\t\t<\/div>\n\t\t\t\t<\/div>\n\t\t\t\t<div class=\"elementor-element elementor-element-5ae77f85 elementor-widget elementor-widget-text-editor\" data-id=\"5ae77f85\" data-element_type=\"widget\" data-e-type=\"widget\" data-widget_type=\"text-editor.default\">\n\t\t\t\t<div class=\"elementor-widget-container\">\n\t\t\t\t\t\t\t\t\t<p>Myynti- ja Kehitysp\u00e4\u00e4llikk\u00f6<\/p>\t\t\t\t\t\t\t\t<\/div>\n\t\t\t\t<\/div>\n\t\t\t\t<div class=\"elementor-element elementor-element-741699d3 elementor-widget elementor-widget-text-editor\" data-id=\"741699d3\" data-element_type=\"widget\" data-e-type=\"widget\" data-widget_type=\"text-editor.default\">\n\t\t\t\t<div class=\"elementor-widget-container\">\n\t\t\t\t\t\t\t\t\t<p>henrik.aho@ostromap.fi<\/p>\t\t\t\t\t\t\t\t<\/div>\n\t\t\t\t<\/div>\n\t\t\t\t<div class=\"elementor-element elementor-element-b6b5f3a elementor-widget elementor-widget-text-editor\" data-id=\"b6b5f3a\" data-element_type=\"widget\" data-e-type=\"widget\" data-widget_type=\"text-editor.default\">\n\t\t\t\t<div class=\"elementor-widget-container\">\n\t\t\t\t\t\t\t\t\t<p>050 490 2087<\/p>\t\t\t\t\t\t\t\t<\/div>\n\t\t\t\t<\/div>\n\t\t\t\t<\/div>\n\t\t\t\t<\/div>\n\t\t\t\t<div class=\"elementor-element elementor-element-165d3097 elementor-mobile-align-center elementor-widget elementor-widget-button\" data-id=\"165d3097\" data-element_type=\"widget\" data-e-type=\"widget\" data-widget_type=\"button.default\">\n\t\t\t\t<div class=\"elementor-widget-container\">\n\t\t\t\t\t\t\t\t\t<div class=\"elementor-button-wrapper\">\n\t\t\t\t\t<a class=\"elementor-button elementor-button-link elementor-size-sm\" href=\"https:\/\/ostromap.fi\/kontaktformular\/\">\n\t\t\t\t\t\t<span class=\"elementor-button-content-wrapper\">\n\t\t\t\t\t\t\t\t\t<span class=\"elementor-button-text\">Pyyd\u00e4 tarjous<\/span>\n\t\t\t\t\t<\/span>\n\t\t\t\t\t<\/a>\n\t\t\t\t<\/div>\n\t\t\t\t\t\t\t\t<\/div>\n\t\t\t\t<\/div>\n\t\t\t\t<\/div>\n\t\t\t\t\t<\/div>\n\t\t\t\t<\/div>\n\t\t<div class=\"elementor-element elementor-element-8a0184a e-flex e-con-boxed e-con e-parent\" data-id=\"8a0184a\" data-element_type=\"container\" data-e-type=\"container\">\n\t\t\t\t\t<div class=\"e-con-inner\">\n\t\t\t\t<div class=\"elementor-element elementor-element-757a3d5a elementor-widget elementor-widget-spacer\" data-id=\"757a3d5a\" data-element_type=\"widget\" data-e-type=\"widget\" data-widget_type=\"spacer.default\">\n\t\t\t\t<div class=\"elementor-widget-container\">\n\t\t\t\t\t\t\t<div class=\"elementor-spacer\">\n\t\t\t<div class=\"elementor-spacer-inner\"><\/div>\n\t\t<\/div>\n\t\t\t\t\t\t<\/div>\n\t\t\t\t<\/div>\n\t\t<div class=\"elementor-element elementor-element-747e2443 e-con-full e-flex e-con e-child\" data-id=\"747e2443\" data-element_type=\"container\" data-e-type=\"container\">\n\t\t\t\t<div class=\"elementor-element elementor-element-5beea470 tpg-wrapper-align-left title-alignment-left meta-visibility-show title_position_default title_hover_border_default title-default img_hover_animation_default meta_position_default grid-hover-overlay-type-always tpg-el-box-border-enable tpg-border-bottom-disable elementor-widget elementor-widget-tpg-list-layout\" data-id=\"5beea470\" data-element_type=\"widget\" data-e-type=\"widget\" data-widget_type=\"tpg-list-layout.default\">\n\t\t\t\t<div class=\"elementor-widget-container\">\n\t\t\t\t\t\n        <div class=\"rt-container-fluid rt-tpg-container tpg-el-main-wrapper list-layout1-main \"\n             data-sc-id=\"elementor\"\n             id=\"rt-tpg-container-2026949045\"\n             data-layout=\"list-layout1\"\n             data-grid-style=\"tpg-even\"\n             data-el-settings=''\n             data-el-query=''\n             data-el-path=''\n        >\n\t\t\t            <div class='tpg-header-wrapper '>\n\t\t\t\t            <\/div>\n\n            <div data-title=\"Loading ...\" class=\"rt-row rt-content-loader list-layout1 tpg-even list-behaviour list-layout-wrapper\">\n\t\t\t\t\n<div class=\"rt-col-md-12 rt-col-sm-12 rt-col-xs-12 default rt-list-item rt-grid-item\" data-id=\"84131\">\n\t<div class=\"rt-holder tpg-post-holder \">\n\t\t<div class=\"rt-detail rt-el-content-wrapper\">\n\t\t\t\t\t\t\t<div class=\"rt-img-holder tpg-el-image-wrap has-thumbnail\">\n\t\t\t\t\t<a data-id=\"84131\" href=\"https:\/\/ostromap.fi\/fi\/kaapelikartoitus-ja-johdotusdokumentaatio\/\" class=\"tpg-post-link\" target=\"_self\">                        <img decoding=\"async\" src=\"https:\/\/ostromap.fi\/wp-content\/uploads\/2021\/11\/Jona1-768x1150.jpg\"\n                             class=\"rt-img-responsive\"\n                             width=\"768\"\n                             height=\"1150\"\n                             alt=\"Kaapelikartoitus ja johdotusdokumentaatio\">\n\t\t\t\t\t\t\n\t\t\t\t\t\t\t\n\t\t<\/a>\n\t\t        <div class=\"overlay grid-hover-content\"><\/div>\n\t\t\t\t\t\t<\/div>\n\t\t\t\n\t\t\t<div class=\"post-right-content\">\n\t\t\t\t<div class=\"entry-title-wrapper\"><h3 class=\"entry-title\"><a data-id=\"84131\" href=\"https:\/\/ostromap.fi\/fi\/kaapelikartoitus-ja-johdotusdokumentaatio\/\" class=\"tpg-post-link\" target=\"_self\">Kaapelikartoitus ja johdotusdokumentaatio<\/a><\/h3><\/div>\n\t\t\t\t\t\t\t\t\t<div class=\"post-meta-tags rt-el-post-meta\">\n\t\t\t\t\t\t            <span class='date'>\n\t\t\t\t<i class='far fa-calendar-alt '><\/i>\t\t\t\t                    <a href=\"https:\/\/ostromap.fi\/fi\/2021\/11\/04\/\">\n\t\t\t\t\t4 marraskuun, 2021\t\t\t\t<\/a>\n\t\t\t\t\t\t\t<\/span>\n\t\t\t\t\t\t\t\t<\/div>\n\t\t\t\t\n\t\t\t\t\n\t\t\t\t\t\t\t<\/div>\n\t\t<\/div>\n\t<\/div>\n<\/div>\n            <\/div>\n\n\t\t\t\n        <\/div>\n\t\t\t\t\t\t<\/div>\n\t\t\t\t<\/div>\n\t\t\t\t<\/div>\n\t\t\t\t<div class=\"elementor-element elementor-element-5bda03be elementor-widget elementor-widget-spacer\" data-id=\"5bda03be\" data-element_type=\"widget\" data-e-type=\"widget\" data-widget_type=\"spacer.default\">\n\t\t\t\t<div class=\"elementor-widget-container\">\n\t\t\t\t\t\t\t<div class=\"elementor-spacer\">\n\t\t\t<div class=\"elementor-spacer-inner\"><\/div>\n\t\t<\/div>\n\t\t\t\t\t\t<\/div>\n\t\t\t\t<\/div>\n\t\t\t\t\t<\/div>\n\t\t\t\t<\/div>\n\t\t\t\t<\/div>\n\t\t","protected":false},"excerpt":{"rendered":"<p>Johtokartoitus &#8211; Kaapelipaikannus KaapelipaikannusKaivuu-, maarakennus- &amp; r\u00e4j\u00e4ytyst\u00f6iss\u00e4 on t\u00e4rke\u00e4\u00e4 varmistaa miss\u00e4 kaapelit todella sijaitsevat. N\u00e4in voidaa est\u00e4\u00e4 mahdolliset lis\u00e4kustannukset, sek\u00e4 [&hellip;]<\/p>\n","protected":false},"author":7,"featured_media":0,"parent":86664,"menu_order":0,"comment_status":"closed","ping_status":"closed","template":"","meta":{"_exactmetrics_skip_tracking":false,"_exactmetrics_sitenote_active":false,"_exactmetrics_sitenote_note":"","_exactmetrics_sitenote_category":0,"site-sidebar-layout":"default","site-content-layout":"","ast-site-content-layout":"full-width-container","site-content-style":"default","site-sidebar-style":"default","ast-global-header-display":"","ast-banner-title-visibility":"","ast-main-header-display":"","ast-hfb-above-header-display":"","ast-hfb-below-header-display":"","ast-hfb-mobile-header-display":"","site-post-title":"disabled","ast-breadcrumbs-content":"","ast-featured-img":"","footer-sml-layout":"","theme-transparent-header-meta":"","adv-header-id-meta":"","stick-header-meta":"","header-above-stick-meta":"","header-main-stick-meta":"","header-below-stick-meta":"","astra-migrate-meta-layouts":"default","ast-page-background-enabled":"default","ast-page-background-meta":{"desktop":{"background-color":"var(--ast-global-color-5)","background-image":"","background-repeat":"repeat","background-position":"center center","background-size":"auto","background-attachment":"scroll","background-type":"","background-media":"","overlay-type":"","overlay-color":"","overlay-opacity":"","overlay-gradient":""},"tablet":{"background-color":"","background-image":"","background-repeat":"repeat","background-position":"center center","background-size":"auto","background-attachment":"scroll","background-type":"","background-media":"","overlay-type":"","overlay-color":"","overlay-opacity":"","overlay-gradient":""},"mobile":{"background-color":"","background-image":"","background-repeat":"repeat","background-position":"center center","background-size":"auto","background-attachment":"scroll","background-type":"","background-media":"","overlay-type":"","overlay-color":"","overlay-opacity":"","overlay-gradient":""}},"ast-content-background-meta":{"desktop":{"background-color":"var(--ast-global-color-4)","background-image":"","background-repeat":"repeat","background-position":"center center","background-size":"auto","background-attachment":"scroll","background-type":"","background-media":"","overlay-type":"","overlay-color":"","overlay-opacity":"","overlay-gradient":""},"tablet":{"background-color":"var(--ast-global-color-4)","background-image":"","background-repeat":"repeat","background-position":"center center","background-size":"auto","background-attachment":"scroll","background-type":"","background-media":"","overlay-type":"","overlay-color":"","overlay-opacity":"","overlay-gradient":""},"mobile":{"background-color":"var(--ast-global-color-4)","background-image":"","background-repeat":"repeat","background-position":"center center","background-size":"auto","background-attachment":"scroll","background-type":"","background-media":"","overlay-type":"","overlay-color":"","overlay-opacity":"","overlay-gradient":""}},"footnotes":""},"class_list":["post-1308","page","type-page","status-publish","hentry"],"yoast_head":"<!-- This site is optimized with the Yoast SEO plugin v27.2 - https:\/\/yoast.com\/product\/yoast-seo-wordpress\/ -->\n<title>Ostromap - johtokartoitus, kaapelipaikannus, pylv\u00e4iden lahotarkastus ...<\/title>\n<meta name=\"description\" content=\"Meill\u00e4 Ostromapissa on vuosien kokemus johtokartoituksesta ja kaapelipaikannuksesta. Autamme l\u00f6yt\u00e4m\u00e4\u00e4n maanalaiset puhelin,- s\u00e4hk\u00f6,- ja kuitukaapelit ja jopa kaukol\u00e4mp\u00f6putket. Johtokartoituksesta tapahtuu kaapelinhakulaitteella, jonka toiminta perustuu s\u00e4hk\u00f6magneettiseen mittaukseen.\" \/>\n<meta name=\"robots\" content=\"index, follow, max-snippet:-1, max-image-preview:large, max-video-preview:-1\" \/>\n<link rel=\"canonical\" href=\"https:\/\/ostromap.fi\/fi\/palvelut\/johtokartoitus\/\" \/>\n<meta property=\"og:locale\" content=\"fi_FI\" \/>\n<meta property=\"og:type\" content=\"article\" \/>\n<meta property=\"og:title\" content=\"Ostromap - johtokartoitus, kaapelipaikannus, pylv\u00e4iden lahotarkastus ...\" \/>\n<meta property=\"og:description\" content=\"Meill\u00e4 Ostromapissa on vuosien kokemus johtokartoituksesta ja kaapelipaikannuksesta. Autamme l\u00f6yt\u00e4m\u00e4\u00e4n maanalaiset puhelin,- s\u00e4hk\u00f6,- ja kuitukaapelit ja jopa kaukol\u00e4mp\u00f6putket. Johtokartoituksesta tapahtuu kaapelinhakulaitteella, jonka toiminta perustuu s\u00e4hk\u00f6magneettiseen mittaukseen.\" \/>\n<meta property=\"og:url\" content=\"https:\/\/ostromap.fi\/fi\/palvelut\/johtokartoitus\/\" \/>\n<meta property=\"og:site_name\" content=\"Ostromap\" \/>\n<meta property=\"article:modified_time\" content=\"2025-07-16T07:33:36+00:00\" \/>\n<meta property=\"og:image\" content=\"https:\/\/ostromap.fi\/wp-content\/uploads\/2025\/07\/MG_5142_s_tiny-1.jpg\" \/>\n\t<meta property=\"og:image:width\" content=\"1299\" \/>\n\t<meta property=\"og:image:height\" content=\"866\" \/>\n\t<meta property=\"og:image:type\" content=\"image\/jpeg\" \/>\n<meta name=\"twitter:card\" content=\"summary_large_image\" \/>\n<meta name=\"twitter:label1\" content=\"Arvioitu lukuaika\" \/>\n\t<meta name=\"twitter:data1\" content=\"2 minuuttia\" \/>\n<script type=\"application\/ld+json\" class=\"yoast-schema-graph\">{\"@context\":\"https:\/\/schema.org\",\"@graph\":[{\"@type\":\"WebPage\",\"@id\":\"https:\/\/ostromap.fi\/fi\/palvelut\/johtokartoitus\/\",\"url\":\"https:\/\/ostromap.fi\/fi\/palvelut\/johtokartoitus\/\",\"name\":\"Ostromap - johtokartoitus, kaapelipaikannus, pylv\u00e4iden lahotarkastus ...\",\"isPartOf\":{\"@id\":\"https:\/\/ostromap.fi\/fi\/#website\"},\"primaryImageOfPage\":{\"@id\":\"https:\/\/ostromap.fi\/fi\/palvelut\/johtokartoitus\/#primaryimage\"},\"image\":{\"@id\":\"https:\/\/ostromap.fi\/fi\/palvelut\/johtokartoitus\/#primaryimage\"},\"thumbnailUrl\":\"https:\/\/ostromap.fi\/wp-content\/uploads\/2025\/07\/MG_5142_s_tiny-1-1024x683.jpg\",\"datePublished\":\"2018-03-18T13:30:27+00:00\",\"dateModified\":\"2025-07-16T07:33:36+00:00\",\"description\":\"Meill\u00e4 Ostromapissa on vuosien kokemus johtokartoituksesta ja kaapelipaikannuksesta. Autamme l\u00f6yt\u00e4m\u00e4\u00e4n maanalaiset puhelin,- s\u00e4hk\u00f6,- ja kuitukaapelit ja jopa kaukol\u00e4mp\u00f6putket. Johtokartoituksesta tapahtuu kaapelinhakulaitteella, jonka toiminta perustuu s\u00e4hk\u00f6magneettiseen mittaukseen.\",\"breadcrumb\":{\"@id\":\"https:\/\/ostromap.fi\/fi\/palvelut\/johtokartoitus\/#breadcrumb\"},\"inLanguage\":\"fi\",\"potentialAction\":[{\"@type\":\"ReadAction\",\"target\":[\"https:\/\/ostromap.fi\/fi\/palvelut\/johtokartoitus\/\"]}]},{\"@type\":\"ImageObject\",\"inLanguage\":\"fi\",\"@id\":\"https:\/\/ostromap.fi\/fi\/palvelut\/johtokartoitus\/#primaryimage\",\"url\":\"https:\/\/ostromap.fi\/wp-content\/uploads\/2025\/07\/MG_5142_s_tiny-1-1024x683.jpg\",\"contentUrl\":\"https:\/\/ostromap.fi\/wp-content\/uploads\/2025\/07\/MG_5142_s_tiny-1-1024x683.jpg\"},{\"@type\":\"BreadcrumbList\",\"@id\":\"https:\/\/ostromap.fi\/fi\/palvelut\/johtokartoitus\/#breadcrumb\",\"itemListElement\":[{\"@type\":\"ListItem\",\"position\":1,\"name\":\"Home\",\"item\":\"https:\/\/ostromap.fi\/fi\/\"},{\"@type\":\"ListItem\",\"position\":2,\"name\":\"Palvelut\",\"item\":\"https:\/\/ostromap.fi\/fi\/palvelut\/\"},{\"@type\":\"ListItem\",\"position\":3,\"name\":\"Johtokartoitus \/ Kaapelipaikannus\"}]},{\"@type\":\"WebSite\",\"@id\":\"https:\/\/ostromap.fi\/fi\/#website\",\"url\":\"https:\/\/ostromap.fi\/fi\/\",\"name\":\"Ostromap\",\"description\":\"Mittauspalvelut ja koneohjausta\",\"publisher\":{\"@id\":\"https:\/\/ostromap.fi\/fi\/#organization\"},\"potentialAction\":[{\"@type\":\"SearchAction\",\"target\":{\"@type\":\"EntryPoint\",\"urlTemplate\":\"https:\/\/ostromap.fi\/fi\/?s={search_term_string}\"},\"query-input\":{\"@type\":\"PropertyValueSpecification\",\"valueRequired\":true,\"valueName\":\"search_term_string\"}}],\"inLanguage\":\"fi\"},{\"@type\":\"Organization\",\"@id\":\"https:\/\/ostromap.fi\/fi\/#organization\",\"name\":\"Ostromap\",\"url\":\"https:\/\/ostromap.fi\/fi\/\",\"logo\":{\"@type\":\"ImageObject\",\"inLanguage\":\"fi\",\"@id\":\"https:\/\/ostromap.fi\/fi\/#\/schema\/logo\/image\/\",\"url\":\"https:\/\/ostromap.fi\/wp-content\/uploads\/2022\/03\/cropped-cropped-cropped-Ostromap-500x500px.png\",\"contentUrl\":\"https:\/\/ostromap.fi\/wp-content\/uploads\/2022\/03\/cropped-cropped-cropped-Ostromap-500x500px.png\",\"width\":360,\"height\":84,\"caption\":\"Ostromap\"},\"image\":{\"@id\":\"https:\/\/ostromap.fi\/fi\/#\/schema\/logo\/image\/\"}}]}<\/script>\n<!-- \/ Yoast SEO plugin. -->","yoast_head_json":{"title":"Ostromap - johtokartoitus, kaapelipaikannus, pylv\u00e4iden lahotarkastus ...","description":"Meill\u00e4 Ostromapissa on vuosien kokemus johtokartoituksesta ja kaapelipaikannuksesta. Autamme l\u00f6yt\u00e4m\u00e4\u00e4n maanalaiset puhelin,- s\u00e4hk\u00f6,- ja kuitukaapelit ja jopa kaukol\u00e4mp\u00f6putket. Johtokartoituksesta tapahtuu kaapelinhakulaitteella, jonka toiminta perustuu s\u00e4hk\u00f6magneettiseen mittaukseen.","robots":{"index":"index","follow":"follow","max-snippet":"max-snippet:-1","max-image-preview":"max-image-preview:large","max-video-preview":"max-video-preview:-1"},"canonical":"https:\/\/ostromap.fi\/fi\/palvelut\/johtokartoitus\/","og_locale":"fi_FI","og_type":"article","og_title":"Ostromap - johtokartoitus, kaapelipaikannus, pylv\u00e4iden lahotarkastus ...","og_description":"Meill\u00e4 Ostromapissa on vuosien kokemus johtokartoituksesta ja kaapelipaikannuksesta. Autamme l\u00f6yt\u00e4m\u00e4\u00e4n maanalaiset puhelin,- s\u00e4hk\u00f6,- ja kuitukaapelit ja jopa kaukol\u00e4mp\u00f6putket. Johtokartoituksesta tapahtuu kaapelinhakulaitteella, jonka toiminta perustuu s\u00e4hk\u00f6magneettiseen mittaukseen.","og_url":"https:\/\/ostromap.fi\/fi\/palvelut\/johtokartoitus\/","og_site_name":"Ostromap","article_modified_time":"2025-07-16T07:33:36+00:00","og_image":[{"width":1299,"height":866,"url":"https:\/\/ostromap.fi\/wp-content\/uploads\/2025\/07\/MG_5142_s_tiny-1.jpg","type":"image\/jpeg"}],"twitter_card":"summary_large_image","twitter_misc":{"Arvioitu lukuaika":"2 minuuttia"},"schema":{"@context":"https:\/\/schema.org","@graph":[{"@type":"WebPage","@id":"https:\/\/ostromap.fi\/fi\/palvelut\/johtokartoitus\/","url":"https:\/\/ostromap.fi\/fi\/palvelut\/johtokartoitus\/","name":"Ostromap - johtokartoitus, kaapelipaikannus, pylv\u00e4iden lahotarkastus ...","isPartOf":{"@id":"https:\/\/ostromap.fi\/fi\/#website"},"primaryImageOfPage":{"@id":"https:\/\/ostromap.fi\/fi\/palvelut\/johtokartoitus\/#primaryimage"},"image":{"@id":"https:\/\/ostromap.fi\/fi\/palvelut\/johtokartoitus\/#primaryimage"},"thumbnailUrl":"https:\/\/ostromap.fi\/wp-content\/uploads\/2025\/07\/MG_5142_s_tiny-1-1024x683.jpg","datePublished":"2018-03-18T13:30:27+00:00","dateModified":"2025-07-16T07:33:36+00:00","description":"Meill\u00e4 Ostromapissa on vuosien kokemus johtokartoituksesta ja kaapelipaikannuksesta. Autamme l\u00f6yt\u00e4m\u00e4\u00e4n maanalaiset puhelin,- s\u00e4hk\u00f6,- ja kuitukaapelit ja jopa kaukol\u00e4mp\u00f6putket. Johtokartoituksesta tapahtuu kaapelinhakulaitteella, jonka toiminta perustuu s\u00e4hk\u00f6magneettiseen mittaukseen.","breadcrumb":{"@id":"https:\/\/ostromap.fi\/fi\/palvelut\/johtokartoitus\/#breadcrumb"},"inLanguage":"fi","potentialAction":[{"@type":"ReadAction","target":["https:\/\/ostromap.fi\/fi\/palvelut\/johtokartoitus\/"]}]},{"@type":"ImageObject","inLanguage":"fi","@id":"https:\/\/ostromap.fi\/fi\/palvelut\/johtokartoitus\/#primaryimage","url":"https:\/\/ostromap.fi\/wp-content\/uploads\/2025\/07\/MG_5142_s_tiny-1-1024x683.jpg","contentUrl":"https:\/\/ostromap.fi\/wp-content\/uploads\/2025\/07\/MG_5142_s_tiny-1-1024x683.jpg"},{"@type":"BreadcrumbList","@id":"https:\/\/ostromap.fi\/fi\/palvelut\/johtokartoitus\/#breadcrumb","itemListElement":[{"@type":"ListItem","position":1,"name":"Home","item":"https:\/\/ostromap.fi\/fi\/"},{"@type":"ListItem","position":2,"name":"Palvelut","item":"https:\/\/ostromap.fi\/fi\/palvelut\/"},{"@type":"ListItem","position":3,"name":"Johtokartoitus \/ Kaapelipaikannus"}]},{"@type":"WebSite","@id":"https:\/\/ostromap.fi\/fi\/#website","url":"https:\/\/ostromap.fi\/fi\/","name":"Ostromap","description":"Mittauspalvelut ja koneohjausta","publisher":{"@id":"https:\/\/ostromap.fi\/fi\/#organization"},"potentialAction":[{"@type":"SearchAction","target":{"@type":"EntryPoint","urlTemplate":"https:\/\/ostromap.fi\/fi\/?s={search_term_string}"},"query-input":{"@type":"PropertyValueSpecification","valueRequired":true,"valueName":"search_term_string"}}],"inLanguage":"fi"},{"@type":"Organization","@id":"https:\/\/ostromap.fi\/fi\/#organization","name":"Ostromap","url":"https:\/\/ostromap.fi\/fi\/","logo":{"@type":"ImageObject","inLanguage":"fi","@id":"https:\/\/ostromap.fi\/fi\/#\/schema\/logo\/image\/","url":"https:\/\/ostromap.fi\/wp-content\/uploads\/2022\/03\/cropped-cropped-cropped-Ostromap-500x500px.png","contentUrl":"https:\/\/ostromap.fi\/wp-content\/uploads\/2022\/03\/cropped-cropped-cropped-Ostromap-500x500px.png","width":360,"height":84,"caption":"Ostromap"},"image":{"@id":"https:\/\/ostromap.fi\/fi\/#\/schema\/logo\/image\/"}}]}},"rttpg_featured_image_url":null,"rttpg_author":{"display_name":"Johannes V\u00e4h\u00e4kangas","author_link":"https:\/\/ostromap.fi\/fi\/author\/johannes\/"},"rttpg_comment":0,"rttpg_category":"","rttpg_excerpt":"Johtokartoitus &#8211; Kaapelipaikannus KaapelipaikannusKaivuu-, maarakennus- &amp; r\u00e4j\u00e4ytyst\u00f6iss\u00e4 on t\u00e4rke\u00e4\u00e4 varmistaa miss\u00e4 kaapelit todella sijaitsevat. N\u00e4in voidaa est\u00e4\u00e4 mahdolliset lis\u00e4kustannukset, sek\u00e4 [&hellip;]","_links":{"self":[{"href":"https:\/\/ostromap.fi\/fi\/wp-json\/wp\/v2\/pages\/1308","targetHints":{"allow":["GET"]}}],"collection":[{"href":"https:\/\/ostromap.fi\/fi\/wp-json\/wp\/v2\/pages"}],"about":[{"href":"https:\/\/ostromap.fi\/fi\/wp-json\/wp\/v2\/types\/page"}],"author":[{"embeddable":true,"href":"https:\/\/ostromap.fi\/fi\/wp-json\/wp\/v2\/users\/7"}],"replies":[{"embeddable":true,"href":"https:\/\/ostromap.fi\/fi\/wp-json\/wp\/v2\/comments?post=1308"}],"version-history":[{"count":41,"href":"https:\/\/ostromap.fi\/fi\/wp-json\/wp\/v2\/pages\/1308\/revisions"}],"predecessor-version":[{"id":87745,"href":"https:\/\/ostromap.fi\/fi\/wp-json\/wp\/v2\/pages\/1308\/revisions\/87745"}],"up":[{"embeddable":true,"href":"https:\/\/ostromap.fi\/fi\/wp-json\/wp\/v2\/pages\/86664"}],"wp:attachment":[{"href":"https:\/\/ostromap.fi\/fi\/wp-json\/wp\/v2\/media?parent=1308"}],"curies":[{"name":"wp","href":"https:\/\/api.w.org\/{rel}","templated":true}]}}