{"id":3247,"date":"2020-01-27T20:27:23","date_gmt":"2020-01-27T18:27:23","guid":{"rendered":"https:\/\/ostromap.fi\/?page_id=3247"},"modified":"2025-07-14T09:25:57","modified_gmt":"2025-07-14T06:25:57","slug":"yhteystiedot-keski-suomi","status":"publish","type":"page","link":"https:\/\/ostromap.fi\/fi\/yhteystiedot\/yhteystiedot-keski-suomi\/","title":{"rendered":"Keski-Suomi"},"content":{"rendered":"\t\t<div data-elementor-type=\"wp-page\" data-elementor-id=\"3247\" class=\"elementor elementor-3247 elementor-3245\">\n\t\t\t\t<div class=\"elementor-element elementor-element-3861ca1b e-con-full e-flex e-con e-parent\" data-id=\"3861ca1b\" data-element_type=\"container\" data-e-type=\"container\" data-settings=\"{&quot;background_background&quot;:&quot;classic&quot;}\">\n\t\t\t\t<\/div>\n\t\t<div class=\"elementor-element elementor-element-7a07b1fa e-flex e-con-boxed e-con e-parent\" data-id=\"7a07b1fa\" data-element_type=\"container\" data-e-type=\"container\">\n\t\t\t\t\t<div class=\"e-con-inner\">\n\t\t\t\t<div class=\"elementor-element elementor-element-7b750cd3 elementor-widget elementor-widget-heading\" data-id=\"7b750cd3\" data-element_type=\"widget\" data-e-type=\"widget\" data-widget_type=\"heading.default\">\n\t\t\t\t<div class=\"elementor-widget-container\">\n\t\t\t\t\t<h1 class=\"elementor-heading-title elementor-size-default\">Keski-Suomi<\/h1>\t\t\t\t<\/div>\n\t\t\t\t<\/div>\n\t\t\t\t\t<\/div>\n\t\t\t\t<\/div>\n\t\t<div class=\"elementor-element elementor-element-5ba33274 e-flex e-con-boxed e-con e-parent\" data-id=\"5ba33274\" data-element_type=\"container\" data-e-type=\"container\">\n\t\t\t\t\t<div class=\"e-con-inner\">\n\t\t<div class=\"elementor-element elementor-element-24c5e9ca e-flex e-con-boxed e-con e-child\" data-id=\"24c5e9ca\" data-element_type=\"container\" data-e-type=\"container\" data-settings=\"{&quot;background_background&quot;:&quot;classic&quot;}\">\n\t\t\t\t\t<div class=\"e-con-inner\">\n\t\t<div class=\"elementor-element elementor-element-33037d75 e-con-full e-flex e-con e-child\" data-id=\"33037d75\" data-element_type=\"container\" data-e-type=\"container\">\n\t\t\t\t<div class=\"elementor-element elementor-element-3c59295f elementor-widget elementor-widget-image\" data-id=\"3c59295f\" data-element_type=\"widget\" data-e-type=\"widget\" data-widget_type=\"image.default\">\n\t\t\t\t<div class=\"elementor-widget-container\">\n\t\t\t\t\t\t\t\t\t\t\t\t\t\t\t<img fetchpriority=\"high\" decoding=\"async\" width=\"300\" height=\"300\" src=\"https:\/\/ostromap.fi\/wp-content\/uploads\/2020\/12\/Henrik-1-03-300x300.png\" class=\"attachment-medium size-medium wp-image-84578\" alt=\"\" srcset=\"https:\/\/ostromap.fi\/wp-content\/uploads\/2020\/12\/Henrik-1-03-300x300.png 300w, https:\/\/ostromap.fi\/wp-content\/uploads\/2020\/12\/Henrik-1-03-1024x1024.png 1024w, https:\/\/ostromap.fi\/wp-content\/uploads\/2020\/12\/Henrik-1-03-150x150.png 150w, https:\/\/ostromap.fi\/wp-content\/uploads\/2020\/12\/Henrik-1-03-768x768.png 768w, https:\/\/ostromap.fi\/wp-content\/uploads\/2020\/12\/Henrik-1-03.png 1081w\" sizes=\"(max-width: 300px) 100vw, 300px\" \/>\t\t\t\t\t\t\t\t\t\t\t\t\t\t\t<\/div>\n\t\t\t\t<\/div>\n\t\t<div class=\"elementor-element elementor-element-fd73ab9 e-con-full e-flex e-con e-child\" data-id=\"fd73ab9\" data-element_type=\"container\" data-e-type=\"container\">\n\t\t\t\t<div class=\"elementor-element elementor-element-3cb03219 elementor-widget elementor-widget-heading\" data-id=\"3cb03219\" data-element_type=\"widget\" data-e-type=\"widget\" data-widget_type=\"heading.default\">\n\t\t\t\t<div class=\"elementor-widget-container\">\n\t\t\t\t\t<h2 class=\"elementor-heading-title elementor-size-default\">Henrik Aho<\/h2>\t\t\t\t<\/div>\n\t\t\t\t<\/div>\n\t\t\t\t<div class=\"elementor-element elementor-element-74f9e550 elementor-widget elementor-widget-text-editor\" data-id=\"74f9e550\" data-element_type=\"widget\" data-e-type=\"widget\" data-widget_type=\"text-editor.default\">\n\t\t\t\t<div class=\"elementor-widget-container\">\n\t\t\t\t\t\t\t\t\t<p>Myynti- ja Kehitysp\u00e4\u00e4llikk\u00f6<\/p>\t\t\t\t\t\t\t\t<\/div>\n\t\t\t\t<\/div>\n\t\t\t\t<div class=\"elementor-element elementor-element-c4645c2 elementor-widget elementor-widget-text-editor\" data-id=\"c4645c2\" data-element_type=\"widget\" data-e-type=\"widget\" data-widget_type=\"text-editor.default\">\n\t\t\t\t<div class=\"elementor-widget-container\">\n\t\t\t\t\t\t\t\t\t<p>henrik.aho@ostromap.fi<\/p>\t\t\t\t\t\t\t\t<\/div>\n\t\t\t\t<\/div>\n\t\t\t\t<div class=\"elementor-element elementor-element-7f3c2ea0 elementor-widget elementor-widget-text-editor\" data-id=\"7f3c2ea0\" data-element_type=\"widget\" data-e-type=\"widget\" data-widget_type=\"text-editor.default\">\n\t\t\t\t<div class=\"elementor-widget-container\">\n\t\t\t\t\t\t\t\t\t<p>050 490 2087<\/p>\t\t\t\t\t\t\t\t<\/div>\n\t\t\t\t<\/div>\n\t\t\t\t<\/div>\n\t\t\t\t<\/div>\n\t\t<div class=\"elementor-element elementor-element-5d437fe9 e-con-full e-flex e-con e-child\" data-id=\"5d437fe9\" data-element_type=\"container\" data-e-type=\"container\">\n\t\t\t\t<div class=\"elementor-element elementor-element-5f2529f4 elementor-widget elementor-widget-image\" data-id=\"5f2529f4\" data-element_type=\"widget\" data-e-type=\"widget\" data-widget_type=\"image.default\">\n\t\t\t\t<div class=\"elementor-widget-container\">\n\t\t\t\t\t\t\t\t\t\t\t\t\t\t\t<img decoding=\"async\" width=\"300\" height=\"300\" src=\"https:\/\/ostromap.fi\/wp-content\/uploads\/2020\/12\/Kim-1-05-300x300.png\" class=\"attachment-medium size-medium wp-image-84584\" alt=\"\" srcset=\"https:\/\/ostromap.fi\/wp-content\/uploads\/2020\/12\/Kim-1-05-300x300.png 300w, https:\/\/ostromap.fi\/wp-content\/uploads\/2020\/12\/Kim-1-05-1024x1024.png 1024w, https:\/\/ostromap.fi\/wp-content\/uploads\/2020\/12\/Kim-1-05-150x150.png 150w, https:\/\/ostromap.fi\/wp-content\/uploads\/2020\/12\/Kim-1-05-768x768.png 768w, https:\/\/ostromap.fi\/wp-content\/uploads\/2020\/12\/Kim-1-05.png 1081w\" sizes=\"(max-width: 300px) 100vw, 300px\" \/>\t\t\t\t\t\t\t\t\t\t\t\t\t\t\t<\/div>\n\t\t\t\t<\/div>\n\t\t<div class=\"elementor-element elementor-element-637aa234 e-con-full e-flex e-con e-child\" data-id=\"637aa234\" data-element_type=\"container\" data-e-type=\"container\">\n\t\t\t\t<div class=\"elementor-element elementor-element-62f5ad98 elementor-widget elementor-widget-heading\" data-id=\"62f5ad98\" data-element_type=\"widget\" data-e-type=\"widget\" data-widget_type=\"heading.default\">\n\t\t\t\t<div class=\"elementor-widget-container\">\n\t\t\t\t\t<h2 class=\"elementor-heading-title elementor-size-default\">Kim Tuorila<\/h2>\t\t\t\t<\/div>\n\t\t\t\t<\/div>\n\t\t\t\t<div class=\"elementor-element elementor-element-442603f9 elementor-widget elementor-widget-text-editor\" data-id=\"442603f9\" data-element_type=\"widget\" data-e-type=\"widget\" data-widget_type=\"text-editor.default\">\n\t\t\t\t<div class=\"elementor-widget-container\">\n\t\t\t\t\t\t\t\t\t<p>Osastop\u00e4\u00e4llikk\u00f6 &#8211; Vaasa<\/p>\t\t\t\t\t\t\t\t<\/div>\n\t\t\t\t<\/div>\n\t\t\t\t<div class=\"elementor-element elementor-element-37e969c7 elementor-widget elementor-widget-text-editor\" data-id=\"37e969c7\" data-element_type=\"widget\" data-e-type=\"widget\" data-widget_type=\"text-editor.default\">\n\t\t\t\t<div class=\"elementor-widget-container\">\n\t\t\t\t\t\t\t\t\t<p>kim.tuorila@ostromap.fi<\/p>\t\t\t\t\t\t\t\t<\/div>\n\t\t\t\t<\/div>\n\t\t\t\t<div class=\"elementor-element elementor-element-460e1a84 elementor-widget elementor-widget-text-editor\" data-id=\"460e1a84\" data-element_type=\"widget\" data-e-type=\"widget\" data-widget_type=\"text-editor.default\">\n\t\t\t\t<div class=\"elementor-widget-container\">\n\t\t\t\t\t\t\t\t\t<p>044 322 6678<\/p>\t\t\t\t\t\t\t\t<\/div>\n\t\t\t\t<\/div>\n\t\t\t\t<\/div>\n\t\t\t\t<\/div>\n\t\t\t\t\t<\/div>\n\t\t\t\t<\/div>\n\t\t\t\t\t<\/div>\n\t\t\t\t<\/div>\n\t\t<div class=\"elementor-element elementor-element-9ab2d26 e-flex e-con-boxed e-con e-parent\" data-id=\"9ab2d26\" data-element_type=\"container\" data-e-type=\"container\">\n\t\t\t\t\t<div class=\"e-con-inner\">\n\t\t\t\t<div class=\"elementor-element elementor-element-7d91411 elementor-widget elementor-widget-spacer\" data-id=\"7d91411\" data-element_type=\"widget\" data-e-type=\"widget\" data-widget_type=\"spacer.default\">\n\t\t\t\t<div class=\"elementor-widget-container\">\n\t\t\t\t\t\t\t<div class=\"elementor-spacer\">\n\t\t\t<div class=\"elementor-spacer-inner\"><\/div>\n\t\t<\/div>\n\t\t\t\t\t\t<\/div>\n\t\t\t\t<\/div>\n\t\t\t\t\t<\/div>\n\t\t\t\t<\/div>\n\t\t\t\t<\/div>\n\t\t","protected":false},"excerpt":{"rendered":"<p>Keski-Suomi Henrik Aho Myynti- ja Kehitysp\u00e4\u00e4llikk\u00f6 henrik.aho@ostromap.fi 050 490 2087 Kim Tuorila Osastop\u00e4\u00e4llikk\u00f6 &#8211; Vaasa kim.tuorila@ostromap.fi 044 322 6678<\/p>\n","protected":false},"author":7,"featured_media":0,"parent":1324,"menu_order":0,"comment_status":"closed","ping_status":"closed","template":"","meta":{"_exactmetrics_skip_tracking":false,"_exactmetrics_sitenote_active":false,"_exactmetrics_sitenote_note":"","_exactmetrics_sitenote_category":0,"site-sidebar-layout":"default","site-content-layout":"","ast-site-content-layout":"full-width-container","site-content-style":"default","site-sidebar-style":"default","ast-global-header-display":"","ast-banner-title-visibility":"","ast-main-header-display":"","ast-hfb-above-header-display":"","ast-hfb-below-header-display":"","ast-hfb-mobile-header-display":"","site-post-title":"disabled","ast-breadcrumbs-content":"","ast-featured-img":"","footer-sml-layout":"","theme-transparent-header-meta":"","adv-header-id-meta":"","stick-header-meta":"","header-above-stick-meta":"","header-main-stick-meta":"","header-below-stick-meta":"","astra-migrate-meta-layouts":"default","ast-page-background-enabled":"default","ast-page-background-meta":{"desktop":{"background-color":"var(--ast-global-color-5)","background-image":"","background-repeat":"repeat","background-position":"center center","background-size":"auto","background-attachment":"scroll","background-type":"","background-media":"","overlay-type":"","overlay-color":"","overlay-opacity":"","overlay-gradient":""},"tablet":{"background-color":"","background-image":"","background-repeat":"repeat","background-position":"center center","background-size":"auto","background-attachment":"scroll","background-type":"","background-media":"","overlay-type":"","overlay-color":"","overlay-opacity":"","overlay-gradient":""},"mobile":{"background-color":"","background-image":"","background-repeat":"repeat","background-position":"center center","background-size":"auto","background-attachment":"scroll","background-type":"","background-media":"","overlay-type":"","overlay-color":"","overlay-opacity":"","overlay-gradient":""}},"ast-content-background-meta":{"desktop":{"background-color":"var(--ast-global-color-4)","background-image":"","background-repeat":"repeat","background-position":"center center","background-size":"auto","background-attachment":"scroll","background-type":"","background-media":"","overlay-type":"","overlay-color":"","overlay-opacity":"","overlay-gradient":""},"tablet":{"background-color":"var(--ast-global-color-4)","background-image":"","background-repeat":"repeat","background-position":"center center","background-size":"auto","background-attachment":"scroll","background-type":"","background-media":"","overlay-type":"","overlay-color":"","overlay-opacity":"","overlay-gradient":""},"mobile":{"background-color":"var(--ast-global-color-4)","background-image":"","background-repeat":"repeat","background-position":"center center","background-size":"auto","background-attachment":"scroll","background-type":"","background-media":"","overlay-type":"","overlay-color":"","overlay-opacity":"","overlay-gradient":""}},"footnotes":""},"class_list":["post-3247","page","type-page","status-publish","hentry"],"yoast_head":"<!-- This site is optimized with the Yoast SEO plugin v27.2 - https:\/\/yoast.com\/product\/yoast-seo-wordpress\/ -->\n<title>Ostromap - mittauspalvelut, mittauskonsultti, mittauskonsultit Suomessa<\/title>\n<meta name=\"description\" content=\"Ostromapin mittauskonsultit ovat valmiita auttamaan. Meid\u00e4n mittauskonsultit ovat suorittaneet mittauksia ja dokumentoineet rakennuksia sek\u00e4 muuta infrastruktuuria yli 18 vuoden ajan. Lis\u00e4ksi olemme edell\u00e4k\u00e4vij\u00e4 3D-koneohjauksessa ja mallien toimittajana.\" \/>\n<meta name=\"robots\" content=\"index, follow, max-snippet:-1, max-image-preview:large, max-video-preview:-1\" \/>\n<link rel=\"canonical\" href=\"https:\/\/ostromap.fi\/fi\/yhteystiedot\/yhteystiedot-keski-suomi\/\" \/>\n<meta property=\"og:locale\" content=\"fi_FI\" \/>\n<meta property=\"og:type\" content=\"article\" \/>\n<meta property=\"og:title\" content=\"Ostromap - mittauspalvelut, mittauskonsultti, mittauskonsultit Suomessa\" \/>\n<meta property=\"og:description\" content=\"Ostromapin mittauskonsultit ovat valmiita auttamaan. Meid\u00e4n mittauskonsultit ovat suorittaneet mittauksia ja dokumentoineet rakennuksia sek\u00e4 muuta infrastruktuuria yli 18 vuoden ajan. Lis\u00e4ksi olemme edell\u00e4k\u00e4vij\u00e4 3D-koneohjauksessa ja mallien toimittajana.\" \/>\n<meta property=\"og:url\" content=\"https:\/\/ostromap.fi\/fi\/yhteystiedot\/yhteystiedot-keski-suomi\/\" \/>\n<meta property=\"og:site_name\" content=\"Ostromap\" \/>\n<meta property=\"article:modified_time\" content=\"2025-07-14T06:25:57+00:00\" \/>\n<meta property=\"og:image\" content=\"https:\/\/ostromap.fi\/wp-content\/uploads\/2020\/12\/Henrik-1-03.png\" \/>\n\t<meta property=\"og:image:width\" content=\"1081\" \/>\n\t<meta property=\"og:image:height\" content=\"1081\" \/>\n\t<meta property=\"og:image:type\" content=\"image\/png\" \/>\n<meta name=\"twitter:card\" content=\"summary_large_image\" \/>\n<meta name=\"twitter:label1\" content=\"Arvioitu lukuaika\" \/>\n\t<meta name=\"twitter:data1\" content=\"1 minuutti\" \/>\n<script type=\"application\/ld+json\" class=\"yoast-schema-graph\">{\"@context\":\"https:\/\/schema.org\",\"@graph\":[{\"@type\":\"WebPage\",\"@id\":\"https:\/\/ostromap.fi\/fi\/yhteystiedot\/yhteystiedot-keski-suomi\/\",\"url\":\"https:\/\/ostromap.fi\/fi\/yhteystiedot\/yhteystiedot-keski-suomi\/\",\"name\":\"Ostromap - mittauspalvelut, mittauskonsultti, mittauskonsultit Suomessa\",\"isPartOf\":{\"@id\":\"https:\/\/ostromap.fi\/fi\/#website\"},\"primaryImageOfPage\":{\"@id\":\"https:\/\/ostromap.fi\/fi\/yhteystiedot\/yhteystiedot-keski-suomi\/#primaryimage\"},\"image\":{\"@id\":\"https:\/\/ostromap.fi\/fi\/yhteystiedot\/yhteystiedot-keski-suomi\/#primaryimage\"},\"thumbnailUrl\":\"https:\/\/ostromap.fi\/wp-content\/uploads\/2020\/12\/Henrik-1-03-300x300.png\",\"datePublished\":\"2020-01-27T18:27:23+00:00\",\"dateModified\":\"2025-07-14T06:25:57+00:00\",\"description\":\"Ostromapin mittauskonsultit ovat valmiita auttamaan. Meid\u00e4n mittauskonsultit ovat suorittaneet mittauksia ja dokumentoineet rakennuksia sek\u00e4 muuta infrastruktuuria yli 18 vuoden ajan. Lis\u00e4ksi olemme edell\u00e4k\u00e4vij\u00e4 3D-koneohjauksessa ja mallien toimittajana.\",\"breadcrumb\":{\"@id\":\"https:\/\/ostromap.fi\/fi\/yhteystiedot\/yhteystiedot-keski-suomi\/#breadcrumb\"},\"inLanguage\":\"fi\",\"potentialAction\":[{\"@type\":\"ReadAction\",\"target\":[\"https:\/\/ostromap.fi\/fi\/yhteystiedot\/yhteystiedot-keski-suomi\/\"]}]},{\"@type\":\"ImageObject\",\"inLanguage\":\"fi\",\"@id\":\"https:\/\/ostromap.fi\/fi\/yhteystiedot\/yhteystiedot-keski-suomi\/#primaryimage\",\"url\":\"https:\/\/ostromap.fi\/wp-content\/uploads\/2020\/12\/Henrik-1-03-300x300.png\",\"contentUrl\":\"https:\/\/ostromap.fi\/wp-content\/uploads\/2020\/12\/Henrik-1-03-300x300.png\"},{\"@type\":\"BreadcrumbList\",\"@id\":\"https:\/\/ostromap.fi\/fi\/yhteystiedot\/yhteystiedot-keski-suomi\/#breadcrumb\",\"itemListElement\":[{\"@type\":\"ListItem\",\"position\":1,\"name\":\"Home\",\"item\":\"https:\/\/ostromap.fi\/fi\/\"},{\"@type\":\"ListItem\",\"position\":2,\"name\":\"Yhteystiedot\",\"item\":\"https:\/\/ostromap.fi\/fi\/yhteystiedot\/\"},{\"@type\":\"ListItem\",\"position\":3,\"name\":\"Keski-Suomi\"}]},{\"@type\":\"WebSite\",\"@id\":\"https:\/\/ostromap.fi\/fi\/#website\",\"url\":\"https:\/\/ostromap.fi\/fi\/\",\"name\":\"Ostromap\",\"description\":\"Mittauspalvelut ja koneohjausta\",\"publisher\":{\"@id\":\"https:\/\/ostromap.fi\/fi\/#organization\"},\"potentialAction\":[{\"@type\":\"SearchAction\",\"target\":{\"@type\":\"EntryPoint\",\"urlTemplate\":\"https:\/\/ostromap.fi\/fi\/?s={search_term_string}\"},\"query-input\":{\"@type\":\"PropertyValueSpecification\",\"valueRequired\":true,\"valueName\":\"search_term_string\"}}],\"inLanguage\":\"fi\"},{\"@type\":\"Organization\",\"@id\":\"https:\/\/ostromap.fi\/fi\/#organization\",\"name\":\"Ostromap\",\"url\":\"https:\/\/ostromap.fi\/fi\/\",\"logo\":{\"@type\":\"ImageObject\",\"inLanguage\":\"fi\",\"@id\":\"https:\/\/ostromap.fi\/fi\/#\/schema\/logo\/image\/\",\"url\":\"https:\/\/ostromap.fi\/wp-content\/uploads\/2022\/03\/cropped-cropped-cropped-Ostromap-500x500px.png\",\"contentUrl\":\"https:\/\/ostromap.fi\/wp-content\/uploads\/2022\/03\/cropped-cropped-cropped-Ostromap-500x500px.png\",\"width\":360,\"height\":84,\"caption\":\"Ostromap\"},\"image\":{\"@id\":\"https:\/\/ostromap.fi\/fi\/#\/schema\/logo\/image\/\"}}]}<\/script>\n<!-- \/ Yoast SEO plugin. -->","yoast_head_json":{"title":"Ostromap - mittauspalvelut, mittauskonsultti, mittauskonsultit Suomessa","description":"Ostromapin mittauskonsultit ovat valmiita auttamaan. Meid\u00e4n mittauskonsultit ovat suorittaneet mittauksia ja dokumentoineet rakennuksia sek\u00e4 muuta infrastruktuuria yli 18 vuoden ajan. Lis\u00e4ksi olemme edell\u00e4k\u00e4vij\u00e4 3D-koneohjauksessa ja mallien toimittajana.","robots":{"index":"index","follow":"follow","max-snippet":"max-snippet:-1","max-image-preview":"max-image-preview:large","max-video-preview":"max-video-preview:-1"},"canonical":"https:\/\/ostromap.fi\/fi\/yhteystiedot\/yhteystiedot-keski-suomi\/","og_locale":"fi_FI","og_type":"article","og_title":"Ostromap - mittauspalvelut, mittauskonsultti, mittauskonsultit Suomessa","og_description":"Ostromapin mittauskonsultit ovat valmiita auttamaan. Meid\u00e4n mittauskonsultit ovat suorittaneet mittauksia ja dokumentoineet rakennuksia sek\u00e4 muuta infrastruktuuria yli 18 vuoden ajan. Lis\u00e4ksi olemme edell\u00e4k\u00e4vij\u00e4 3D-koneohjauksessa ja mallien toimittajana.","og_url":"https:\/\/ostromap.fi\/fi\/yhteystiedot\/yhteystiedot-keski-suomi\/","og_site_name":"Ostromap","article_modified_time":"2025-07-14T06:25:57+00:00","og_image":[{"width":1081,"height":1081,"url":"https:\/\/ostromap.fi\/wp-content\/uploads\/2020\/12\/Henrik-1-03.png","type":"image\/png"}],"twitter_card":"summary_large_image","twitter_misc":{"Arvioitu lukuaika":"1 minuutti"},"schema":{"@context":"https:\/\/schema.org","@graph":[{"@type":"WebPage","@id":"https:\/\/ostromap.fi\/fi\/yhteystiedot\/yhteystiedot-keski-suomi\/","url":"https:\/\/ostromap.fi\/fi\/yhteystiedot\/yhteystiedot-keski-suomi\/","name":"Ostromap - mittauspalvelut, mittauskonsultti, mittauskonsultit Suomessa","isPartOf":{"@id":"https:\/\/ostromap.fi\/fi\/#website"},"primaryImageOfPage":{"@id":"https:\/\/ostromap.fi\/fi\/yhteystiedot\/yhteystiedot-keski-suomi\/#primaryimage"},"image":{"@id":"https:\/\/ostromap.fi\/fi\/yhteystiedot\/yhteystiedot-keski-suomi\/#primaryimage"},"thumbnailUrl":"https:\/\/ostromap.fi\/wp-content\/uploads\/2020\/12\/Henrik-1-03-300x300.png","datePublished":"2020-01-27T18:27:23+00:00","dateModified":"2025-07-14T06:25:57+00:00","description":"Ostromapin mittauskonsultit ovat valmiita auttamaan. Meid\u00e4n mittauskonsultit ovat suorittaneet mittauksia ja dokumentoineet rakennuksia sek\u00e4 muuta infrastruktuuria yli 18 vuoden ajan. Lis\u00e4ksi olemme edell\u00e4k\u00e4vij\u00e4 3D-koneohjauksessa ja mallien toimittajana.","breadcrumb":{"@id":"https:\/\/ostromap.fi\/fi\/yhteystiedot\/yhteystiedot-keski-suomi\/#breadcrumb"},"inLanguage":"fi","potentialAction":[{"@type":"ReadAction","target":["https:\/\/ostromap.fi\/fi\/yhteystiedot\/yhteystiedot-keski-suomi\/"]}]},{"@type":"ImageObject","inLanguage":"fi","@id":"https:\/\/ostromap.fi\/fi\/yhteystiedot\/yhteystiedot-keski-suomi\/#primaryimage","url":"https:\/\/ostromap.fi\/wp-content\/uploads\/2020\/12\/Henrik-1-03-300x300.png","contentUrl":"https:\/\/ostromap.fi\/wp-content\/uploads\/2020\/12\/Henrik-1-03-300x300.png"},{"@type":"BreadcrumbList","@id":"https:\/\/ostromap.fi\/fi\/yhteystiedot\/yhteystiedot-keski-suomi\/#breadcrumb","itemListElement":[{"@type":"ListItem","position":1,"name":"Home","item":"https:\/\/ostromap.fi\/fi\/"},{"@type":"ListItem","position":2,"name":"Yhteystiedot","item":"https:\/\/ostromap.fi\/fi\/yhteystiedot\/"},{"@type":"ListItem","position":3,"name":"Keski-Suomi"}]},{"@type":"WebSite","@id":"https:\/\/ostromap.fi\/fi\/#website","url":"https:\/\/ostromap.fi\/fi\/","name":"Ostromap","description":"Mittauspalvelut ja koneohjausta","publisher":{"@id":"https:\/\/ostromap.fi\/fi\/#organization"},"potentialAction":[{"@type":"SearchAction","target":{"@type":"EntryPoint","urlTemplate":"https:\/\/ostromap.fi\/fi\/?s={search_term_string}"},"query-input":{"@type":"PropertyValueSpecification","valueRequired":true,"valueName":"search_term_string"}}],"inLanguage":"fi"},{"@type":"Organization","@id":"https:\/\/ostromap.fi\/fi\/#organization","name":"Ostromap","url":"https:\/\/ostromap.fi\/fi\/","logo":{"@type":"ImageObject","inLanguage":"fi","@id":"https:\/\/ostromap.fi\/fi\/#\/schema\/logo\/image\/","url":"https:\/\/ostromap.fi\/wp-content\/uploads\/2022\/03\/cropped-cropped-cropped-Ostromap-500x500px.png","contentUrl":"https:\/\/ostromap.fi\/wp-content\/uploads\/2022\/03\/cropped-cropped-cropped-Ostromap-500x500px.png","width":360,"height":84,"caption":"Ostromap"},"image":{"@id":"https:\/\/ostromap.fi\/fi\/#\/schema\/logo\/image\/"}}]}},"rttpg_featured_image_url":null,"rttpg_author":{"display_name":"Johannes V\u00e4h\u00e4kangas","author_link":"https:\/\/ostromap.fi\/fi\/author\/johannes\/"},"rttpg_comment":0,"rttpg_category":" <a href=\"https:\/\/ostromap.fi\/fi\/?taxonomy=translation_priority&#038;term=optional-fi\" rel=\"tag\">Optional<\/a>","rttpg_excerpt":"Keski-Suomi Henrik Aho Myynti- ja Kehitysp\u00e4\u00e4llikk\u00f6 henrik.aho@ostromap.fi 050 490 2087 Kim Tuorila Osastop\u00e4\u00e4llikk\u00f6 &#8211; Vaasa kim.tuorila@ostromap.fi 044 322 6678","_links":{"self":[{"href":"https:\/\/ostromap.fi\/fi\/wp-json\/wp\/v2\/pages\/3247","targetHints":{"allow":["GET"]}}],"collection":[{"href":"https:\/\/ostromap.fi\/fi\/wp-json\/wp\/v2\/pages"}],"about":[{"href":"https:\/\/ostromap.fi\/fi\/wp-json\/wp\/v2\/types\/page"}],"author":[{"embeddable":true,"href":"https:\/\/ostromap.fi\/fi\/wp-json\/wp\/v2\/users\/7"}],"replies":[{"embeddable":true,"href":"https:\/\/ostromap.fi\/fi\/wp-json\/wp\/v2\/comments?post=3247"}],"version-history":[{"count":19,"href":"https:\/\/ostromap.fi\/fi\/wp-json\/wp\/v2\/pages\/3247\/revisions"}],"predecessor-version":[{"id":87152,"href":"https:\/\/ostromap.fi\/fi\/wp-json\/wp\/v2\/pages\/3247\/revisions\/87152"}],"up":[{"embeddable":true,"href":"https:\/\/ostromap.fi\/fi\/wp-json\/wp\/v2\/pages\/1324"}],"wp:attachment":[{"href":"https:\/\/ostromap.fi\/fi\/wp-json\/wp\/v2\/media?parent=3247"}],"curies":[{"name":"wp","href":"https:\/\/api.w.org\/{rel}","templated":true}]}}