{"id":88107,"date":"2025-07-29T10:57:56","date_gmt":"2025-07-29T07:57:56","guid":{"rendered":"https:\/\/ostromap.fi\/avoin-hakemus\/"},"modified":"2025-09-14T11:15:59","modified_gmt":"2025-09-14T08:15:59","slug":"avoin","status":"publish","type":"page","link":"https:\/\/ostromap.fi\/fi\/avoin\/","title":{"rendered":"Avoin hakemus"},"content":{"rendered":"\t\t<div data-elementor-type=\"wp-page\" data-elementor-id=\"88107\" class=\"elementor elementor-88107 elementor-88097\">\n\t\t\t\t<div class=\"elementor-element elementor-element-4ecb708c e-con-full e-flex e-con e-parent\" data-id=\"4ecb708c\" data-element_type=\"container\" data-e-type=\"container\" data-settings=\"{&quot;background_background&quot;:&quot;classic&quot;}\">\n\t\t\t\t<\/div>\n\t\t<div class=\"elementor-element elementor-element-1ce1c44f e-flex e-con-boxed e-con e-parent\" data-id=\"1ce1c44f\" data-element_type=\"container\" data-e-type=\"container\">\n\t\t\t\t\t<div class=\"e-con-inner\">\n\t\t\t\t<div class=\"elementor-element elementor-element-302bcfd1 elementor-widget elementor-widget-heading\" data-id=\"302bcfd1\" data-element_type=\"widget\" data-e-type=\"widget\" data-widget_type=\"heading.default\">\n\t\t\t\t<div class=\"elementor-widget-container\">\n\t\t\t\t\t<h2 class=\"elementor-heading-title elementor-size-default\">Avoin hakemus<\/h2>\t\t\t\t<\/div>\n\t\t\t\t<\/div>\n\t\t\t\t<div class=\"elementor-element elementor-element-4be2086c elementor-widget elementor-widget-text-editor\" data-id=\"4be2086c\" data-element_type=\"widget\" data-e-type=\"widget\" data-widget_type=\"text-editor.default\">\n\t\t\t\t<div class=\"elementor-widget-container\">\n\t\t\t\t\t\t\t\t\t\n<div class=\"wpcf7 no-js\" id=\"wpcf7-f84925-o1\" lang=\"en-US\" dir=\"ltr\" data-wpcf7-id=\"84925\">\n<div class=\"screen-reader-response\"><p role=\"status\" aria-live=\"polite\" aria-atomic=\"true\"><\/p> <ul><\/ul><\/div>\n<form action=\"\/fi\/wp-json\/wp\/v2\/pages\/88107#wpcf7-f84925-o1\" method=\"post\" class=\"wpcf7-form init\" aria-label=\"Contact form\" enctype=\"multipart\/form-data\" novalidate=\"novalidate\" data-status=\"init\">\n<fieldset class=\"hidden-fields-container\"><input type=\"hidden\" name=\"_wpcf7\" value=\"84925\" \/><input type=\"hidden\" name=\"_wpcf7_version\" value=\"6.1.5\" \/><input type=\"hidden\" name=\"_wpcf7_locale\" value=\"en_US\" \/><input type=\"hidden\" name=\"_wpcf7_unit_tag\" value=\"wpcf7-f84925-o1\" \/><input type=\"hidden\" name=\"_wpcf7_container_post\" value=\"0\" \/><input type=\"hidden\" name=\"_wpcf7_posted_data_hash\" value=\"\" \/><input type=\"hidden\" name=\"_wpcf7_recaptcha_response\" value=\"\" \/>\n<\/fieldset>\n<p><span class=\"wpcf7-form-control-wrap\" data-name=\"your-fullname\"><input size=\"40\" maxlength=\"400\" class=\"wpcf7-form-control wpcf7-text wpcf7-validates-as-required form-fluid\" aria-required=\"true\" aria-invalid=\"false\" placeholder=\"Nimi\" value=\"\" type=\"text\" name=\"your-fullname\" \/><\/span>\n<\/p>\n<div class=\"wpcf7-inline-wrapper\">\n\t<p class=\"wpcf7-inline-field\"><span class=\"wpcf7-form-control-wrap\" data-name=\"your-email\"><input size=\"40\" maxlength=\"400\" class=\"wpcf7-form-control wpcf7-email wpcf7-validates-as-required wpcf7-text wpcf7-validates-as-email\" aria-required=\"true\" aria-invalid=\"false\" placeholder=\"S\u00e4hk\u00f6posti\" value=\"\" type=\"email\" name=\"your-email\" \/><\/span>\n\t<\/p>\n\t<p class=\"wpcf7-inline-field\"><span class=\"wpcf7-form-control-wrap\" data-name=\"your-telephone\"><input size=\"40\" maxlength=\"400\" class=\"wpcf7-form-control wpcf7-text wpcf7-validates-as-required form-fluid\" aria-required=\"true\" aria-invalid=\"false\" placeholder=\"Puhelinnumero\" value=\"\" type=\"text\" name=\"your-telephone\" \/><\/span>\n\t<\/p>\n<\/div>\n<p><span class=\"wpcf7-form-control-wrap\" data-name=\"about-you\"><textarea cols=\"40\" rows=\"8\" maxlength=\"2000\" class=\"wpcf7-form-control wpcf7-textarea\" aria-invalid=\"false\" placeholder=\"Viestisi\" name=\"about-you\"><\/textarea><\/span>\n<\/p>\n<p><span class=\"wpcf7-form-control-wrap\" data-name=\"your-occupation\"><textarea cols=\"40\" rows=\"2\" maxlength=\"2000\" class=\"wpcf7-form-control wpcf7-textarea\" aria-invalid=\"false\" placeholder=\"Koulutus?\" name=\"your-occupation\"><\/textarea><\/span>\n<\/p>\n<p><span class=\"wpcf7-form-control-wrap\" data-name=\"your-workofchoice\"><textarea cols=\"40\" rows=\"8\" maxlength=\"2000\" class=\"wpcf7-form-control wpcf7-textarea\" aria-invalid=\"false\" placeholder=\"Ensisijaisesti kiinnostava ty\u00f6teht\u00e4v\u00e4\" name=\"your-workofchoice\"><\/textarea><\/span>\n<\/p>\n<p><span class=\"wpcf7-form-control-wrap\" data-name=\"recipient\"><select class=\"wpcf7-form-control wpcf7-select wpcf7-validates-as-required\" aria-required=\"true\" aria-invalid=\"false\" name=\"recipient\"><option value=\"Kiinnostava ty\u00f6alue\">Kiinnostava ty\u00f6alue<\/option><option value=\"Koneohjaus\">Koneohjaus<\/option><option value=\"Ratamittaukset\">Ratamittaukset<\/option><option value=\"Pietarsaari\">Pietarsaari<\/option><option value=\"Vaasa\">Vaasa<\/option><option value=\"Oulu\">Oulu<\/option><option value=\"Norja\">Norja<\/option><option value=\"Ruotsi\">Ruotsi<\/option><\/select><\/span>\n<\/p>\n<p>CV:\n<\/p>\n<p><span class=\"wpcf7-form-control-wrap\" data-name=\"file-101\"><input size=\"40\" class=\"wpcf7-form-control wpcf7-file\" accept=\".pdf,.docx,.png,.jpg\" aria-invalid=\"false\" type=\"file\" name=\"file-101\" \/><\/span>\n<\/p>\n<p>Hakemuskirje:<br \/>\n<span class=\"wpcf7-form-control-wrap\" data-name=\"file-480\"><input size=\"40\" class=\"wpcf7-form-control wpcf7-file\" accept=\".pdf,.docx,.png,.jpg\" aria-invalid=\"false\" type=\"file\" name=\"file-480\" \/><\/span>\n<\/p>\n<p>Muut liitteet:<br \/>\n<span class=\"wpcf7-form-control-wrap\" data-name=\"file-481\"><input size=\"40\" class=\"wpcf7-form-control wpcf7-file\" accept=\".pdf,.docx,.png,.jpg\" aria-invalid=\"false\" type=\"file\" name=\"file-481\" \/><\/span>\n<\/p>\n<p><input class=\"wpcf7-form-control wpcf7-submit has-spinner btn btn-accent btn-circle\" type=\"submit\" value=\"L\u00e4het\u00e4 hakemus\" \/>\n<\/p><div class=\"wpcf7-response-output\" aria-hidden=\"true\"><\/div>\n<\/form>\n<\/div>\n\t\t\t\t\t\t\t\t<\/div>\n\t\t\t\t<\/div>\n\t\t\t\t\t<\/div>\n\t\t\t\t<\/div>\n\t\t<div class=\"elementor-element elementor-element-281ae2d0 e-flex e-con-boxed e-con e-parent\" data-id=\"281ae2d0\" data-element_type=\"container\" data-e-type=\"container\">\n\t\t\t\t\t<div class=\"e-con-inner\">\n\t\t\t\t<div class=\"elementor-element elementor-element-2f6df04e elementor-widget elementor-widget-spacer\" data-id=\"2f6df04e\" data-element_type=\"widget\" data-e-type=\"widget\" data-widget_type=\"spacer.default\">\n\t\t\t\t<div class=\"elementor-widget-container\">\n\t\t\t\t\t\t\t<div class=\"elementor-spacer\">\n\t\t\t<div class=\"elementor-spacer-inner\"><\/div>\n\t\t<\/div>\n\t\t\t\t\t\t<\/div>\n\t\t\t\t<\/div>\n\t\t\t\t\t<\/div>\n\t\t\t\t<\/div>\n\t\t\t\t<\/div>\n\t\t","protected":false},"excerpt":{"rendered":"<p>Avoin hakemus<\/p>\n","protected":false},"author":7,"featured_media":0,"parent":0,"menu_order":0,"comment_status":"closed","ping_status":"closed","template":"","meta":{"_exactmetrics_skip_tracking":false,"_exactmetrics_sitenote_active":false,"_exactmetrics_sitenote_note":"","_exactmetrics_sitenote_category":0,"site-sidebar-layout":"no-sidebar","site-content-layout":"","ast-site-content-layout":"full-width-container","site-content-style":"default","site-sidebar-style":"default","ast-global-header-display":"","ast-banner-title-visibility":"","ast-main-header-display":"","ast-hfb-above-header-display":"","ast-hfb-below-header-display":"","ast-hfb-mobile-header-display":"","site-post-title":"disabled","ast-breadcrumbs-content":"","ast-featured-img":"disabled","footer-sml-layout":"","theme-transparent-header-meta":"","adv-header-id-meta":"","stick-header-meta":"","header-above-stick-meta":"","header-main-stick-meta":"","header-below-stick-meta":"","astra-migrate-meta-layouts":"default","ast-page-background-enabled":"default","ast-page-background-meta":{"desktop":{"background-color":"var(--ast-global-color-5)","background-image":"","background-repeat":"repeat","background-position":"center center","background-size":"auto","background-attachment":"scroll","background-type":"","background-media":"","overlay-type":"","overlay-color":"","overlay-opacity":"","overlay-gradient":""},"tablet":{"background-color":"","background-image":"","background-repeat":"repeat","background-position":"center center","background-size":"auto","background-attachment":"scroll","background-type":"","background-media":"","overlay-type":"","overlay-color":"","overlay-opacity":"","overlay-gradient":""},"mobile":{"background-color":"","background-image":"","background-repeat":"repeat","background-position":"center center","background-size":"auto","background-attachment":"scroll","background-type":"","background-media":"","overlay-type":"","overlay-color":"","overlay-opacity":"","overlay-gradient":""}},"ast-content-background-meta":{"desktop":{"background-color":"var(--ast-global-color-4)","background-image":"","background-repeat":"repeat","background-position":"center center","background-size":"auto","background-attachment":"scroll","background-type":"","background-media":"","overlay-type":"","overlay-color":"","overlay-opacity":"","overlay-gradient":""},"tablet":{"background-color":"var(--ast-global-color-4)","background-image":"","background-repeat":"repeat","background-position":"center center","background-size":"auto","background-attachment":"scroll","background-type":"","background-media":"","overlay-type":"","overlay-color":"","overlay-opacity":"","overlay-gradient":""},"mobile":{"background-color":"var(--ast-global-color-4)","background-image":"","background-repeat":"repeat","background-position":"center center","background-size":"auto","background-attachment":"scroll","background-type":"","background-media":"","overlay-type":"","overlay-color":"","overlay-opacity":"","overlay-gradient":""}},"footnotes":""},"class_list":["post-88107","page","type-page","status-publish","hentry"],"yoast_head":"<!-- This site is optimized with the Yoast SEO plugin v27.2 - https:\/\/yoast.com\/product\/yoast-seo-wordpress\/ -->\n<title>Avoin hakemus - Ostromap<\/title>\n<meta name=\"robots\" content=\"index, follow, max-snippet:-1, max-image-preview:large, max-video-preview:-1\" \/>\n<link rel=\"canonical\" href=\"https:\/\/ostromap.fi\/fi\/avoin\/\" \/>\n<meta property=\"og:locale\" content=\"fi_FI\" \/>\n<meta property=\"og:type\" content=\"article\" \/>\n<meta property=\"og:title\" content=\"Avoin hakemus - Ostromap\" \/>\n<meta property=\"og:description\" content=\"Avoin hakemus\" \/>\n<meta property=\"og:url\" content=\"https:\/\/ostromap.fi\/fi\/avoin\/\" \/>\n<meta property=\"og:site_name\" content=\"Ostromap\" \/>\n<meta property=\"article:modified_time\" content=\"2025-09-14T08:15:59+00:00\" \/>\n<meta name=\"twitter:card\" content=\"summary_large_image\" \/>\n<meta name=\"twitter:label1\" content=\"Arvioitu lukuaika\" \/>\n\t<meta name=\"twitter:data1\" content=\"1 minuutti\" \/>\n<script type=\"application\/ld+json\" class=\"yoast-schema-graph\">{\"@context\":\"https:\/\/schema.org\",\"@graph\":[{\"@type\":\"WebPage\",\"@id\":\"https:\/\/ostromap.fi\/fi\/avoin\/\",\"url\":\"https:\/\/ostromap.fi\/fi\/avoin\/\",\"name\":\"Avoin hakemus - Ostromap\",\"isPartOf\":{\"@id\":\"https:\/\/ostromap.fi\/fi\/#website\"},\"datePublished\":\"2025-07-29T07:57:56+00:00\",\"dateModified\":\"2025-09-14T08:15:59+00:00\",\"breadcrumb\":{\"@id\":\"https:\/\/ostromap.fi\/fi\/avoin\/#breadcrumb\"},\"inLanguage\":\"fi\",\"potentialAction\":[{\"@type\":\"ReadAction\",\"target\":[\"https:\/\/ostromap.fi\/fi\/avoin\/\"]}]},{\"@type\":\"BreadcrumbList\",\"@id\":\"https:\/\/ostromap.fi\/fi\/avoin\/#breadcrumb\",\"itemListElement\":[{\"@type\":\"ListItem\",\"position\":1,\"name\":\"Home\",\"item\":\"https:\/\/ostromap.fi\/fi\/\"},{\"@type\":\"ListItem\",\"position\":2,\"name\":\"Avoin hakemus\"}]},{\"@type\":\"WebSite\",\"@id\":\"https:\/\/ostromap.fi\/fi\/#website\",\"url\":\"https:\/\/ostromap.fi\/fi\/\",\"name\":\"Ostromap\",\"description\":\"Mittauspalvelut ja koneohjausta\",\"publisher\":{\"@id\":\"https:\/\/ostromap.fi\/fi\/#organization\"},\"potentialAction\":[{\"@type\":\"SearchAction\",\"target\":{\"@type\":\"EntryPoint\",\"urlTemplate\":\"https:\/\/ostromap.fi\/fi\/?s={search_term_string}\"},\"query-input\":{\"@type\":\"PropertyValueSpecification\",\"valueRequired\":true,\"valueName\":\"search_term_string\"}}],\"inLanguage\":\"fi\"},{\"@type\":\"Organization\",\"@id\":\"https:\/\/ostromap.fi\/fi\/#organization\",\"name\":\"Ostromap\",\"url\":\"https:\/\/ostromap.fi\/fi\/\",\"logo\":{\"@type\":\"ImageObject\",\"inLanguage\":\"fi\",\"@id\":\"https:\/\/ostromap.fi\/fi\/#\/schema\/logo\/image\/\",\"url\":\"https:\/\/ostromap.fi\/wp-content\/uploads\/2022\/03\/cropped-cropped-cropped-Ostromap-500x500px.png\",\"contentUrl\":\"https:\/\/ostromap.fi\/wp-content\/uploads\/2022\/03\/cropped-cropped-cropped-Ostromap-500x500px.png\",\"width\":360,\"height\":84,\"caption\":\"Ostromap\"},\"image\":{\"@id\":\"https:\/\/ostromap.fi\/fi\/#\/schema\/logo\/image\/\"}}]}<\/script>\n<!-- \/ Yoast SEO plugin. -->","yoast_head_json":{"title":"Avoin hakemus - Ostromap","robots":{"index":"index","follow":"follow","max-snippet":"max-snippet:-1","max-image-preview":"max-image-preview:large","max-video-preview":"max-video-preview:-1"},"canonical":"https:\/\/ostromap.fi\/fi\/avoin\/","og_locale":"fi_FI","og_type":"article","og_title":"Avoin hakemus - Ostromap","og_description":"Avoin hakemus","og_url":"https:\/\/ostromap.fi\/fi\/avoin\/","og_site_name":"Ostromap","article_modified_time":"2025-09-14T08:15:59+00:00","twitter_card":"summary_large_image","twitter_misc":{"Arvioitu lukuaika":"1 minuutti"},"schema":{"@context":"https:\/\/schema.org","@graph":[{"@type":"WebPage","@id":"https:\/\/ostromap.fi\/fi\/avoin\/","url":"https:\/\/ostromap.fi\/fi\/avoin\/","name":"Avoin hakemus - Ostromap","isPartOf":{"@id":"https:\/\/ostromap.fi\/fi\/#website"},"datePublished":"2025-07-29T07:57:56+00:00","dateModified":"2025-09-14T08:15:59+00:00","breadcrumb":{"@id":"https:\/\/ostromap.fi\/fi\/avoin\/#breadcrumb"},"inLanguage":"fi","potentialAction":[{"@type":"ReadAction","target":["https:\/\/ostromap.fi\/fi\/avoin\/"]}]},{"@type":"BreadcrumbList","@id":"https:\/\/ostromap.fi\/fi\/avoin\/#breadcrumb","itemListElement":[{"@type":"ListItem","position":1,"name":"Home","item":"https:\/\/ostromap.fi\/fi\/"},{"@type":"ListItem","position":2,"name":"Avoin hakemus"}]},{"@type":"WebSite","@id":"https:\/\/ostromap.fi\/fi\/#website","url":"https:\/\/ostromap.fi\/fi\/","name":"Ostromap","description":"Mittauspalvelut ja koneohjausta","publisher":{"@id":"https:\/\/ostromap.fi\/fi\/#organization"},"potentialAction":[{"@type":"SearchAction","target":{"@type":"EntryPoint","urlTemplate":"https:\/\/ostromap.fi\/fi\/?s={search_term_string}"},"query-input":{"@type":"PropertyValueSpecification","valueRequired":true,"valueName":"search_term_string"}}],"inLanguage":"fi"},{"@type":"Organization","@id":"https:\/\/ostromap.fi\/fi\/#organization","name":"Ostromap","url":"https:\/\/ostromap.fi\/fi\/","logo":{"@type":"ImageObject","inLanguage":"fi","@id":"https:\/\/ostromap.fi\/fi\/#\/schema\/logo\/image\/","url":"https:\/\/ostromap.fi\/wp-content\/uploads\/2022\/03\/cropped-cropped-cropped-Ostromap-500x500px.png","contentUrl":"https:\/\/ostromap.fi\/wp-content\/uploads\/2022\/03\/cropped-cropped-cropped-Ostromap-500x500px.png","width":360,"height":84,"caption":"Ostromap"},"image":{"@id":"https:\/\/ostromap.fi\/fi\/#\/schema\/logo\/image\/"}}]}},"rttpg_featured_image_url":null,"rttpg_author":{"display_name":"Johannes V\u00e4h\u00e4kangas","author_link":"https:\/\/ostromap.fi\/fi\/author\/johannes\/"},"rttpg_comment":0,"rttpg_category":" <a href=\"https:\/\/ostromap.fi\/fi\/?taxonomy=translation_priority&#038;term=optional-fi\" rel=\"tag\">Optional<\/a>","rttpg_excerpt":"Avoin hakemus","_links":{"self":[{"href":"https:\/\/ostromap.fi\/fi\/wp-json\/wp\/v2\/pages\/88107","targetHints":{"allow":["GET"]}}],"collection":[{"href":"https:\/\/ostromap.fi\/fi\/wp-json\/wp\/v2\/pages"}],"about":[{"href":"https:\/\/ostromap.fi\/fi\/wp-json\/wp\/v2\/types\/page"}],"author":[{"embeddable":true,"href":"https:\/\/ostromap.fi\/fi\/wp-json\/wp\/v2\/users\/7"}],"replies":[{"embeddable":true,"href":"https:\/\/ostromap.fi\/fi\/wp-json\/wp\/v2\/comments?post=88107"}],"version-history":[{"count":4,"href":"https:\/\/ostromap.fi\/fi\/wp-json\/wp\/v2\/pages\/88107\/revisions"}],"predecessor-version":[{"id":88111,"href":"https:\/\/ostromap.fi\/fi\/wp-json\/wp\/v2\/pages\/88107\/revisions\/88111"}],"wp:attachment":[{"href":"https:\/\/ostromap.fi\/fi\/wp-json\/wp\/v2\/media?parent=88107"}],"curies":[{"name":"wp","href":"https:\/\/api.w.org\/{rel}","templated":true}]}}